{"id":3469,"date":"2022-05-16T10:20:13","date_gmt":"2022-05-16T08:20:13","guid":{"rendered":"https:\/\/pvmarket.eu\/?page_id=3469"},"modified":"2024-04-18T23:34:16","modified_gmt":"2024-04-18T21:34:16","slug":"contact","status":"publish","type":"page","link":"https:\/\/pvmarket.eu\/en\/contact\/","title":{"rendered":"Contact"},"content":{"rendered":"\n<!--  OG Image magic -->\n<img decoding=\"async\" style=\"width: 0; height: 0; position: absolute; pointer-events: none; display:none;\" src=\"https:\/\/pvmarket.eu\/wp-content\/uploads\/2022\/06\/mo-kozpont-cover_v2-1.jpg\" alt=\"\">\n<section class=\"cover cover--xs closed-z-index\" style=\"background-image: url(https:\/\/pvmarket.eu\/wp-content\/uploads\/2022\/06\/mo-kozpont-cover_v2-1.jpg)\">\n    <div class=\"container-xl\">\n        <div class=\"row\">\n            <div class=\"col-md-5\">\n                <div class=\"cover--xs__text primary-block\">\n                    <h1 >CONTACT US!<\/h1>\n                    <p>Do not hesitate to contact us!<\/p>\n                <\/div>\n            <\/div>\n        <\/div>\n    <\/div>\n<\/section>\n\n<!-- BLOCK SEPARATOR -->\n\n\n<section class=\"mt-3\">\n    <div class=\"container-xl\">\n        <div class=\"row\">\n            <div class=\"col-12\">\n                <div class=\"btn-group btn-group--radio btn-group--mobile-column\" role=\"group\">\n          \n                                 \n                                    <a href=\"https:\/\/pvmarket.eu\/en\/iroda\/central-warehouse\/\" class=\"btn btn--link \">\n                        <span>\n                            <img decoding=\"async\" src=\"https:\/\/pvmarket.eu\/wp-content\/themes\/wagner\/assets\/img\/svg\/pin.svg\" alt=\"\">\n                                                        <label>CENTRAL<br>WAREHOUSE<\/label>\n                        <\/span>\n                    <\/a>\n                                        <a href=\"https:\/\/pvmarket.eu\/en\/iroda\/kecskemet\/\" class=\"btn btn--link \">\n                        <span>\n                            <img decoding=\"async\" src=\"https:\/\/pvmarket.eu\/wp-content\/themes\/wagner\/assets\/img\/svg\/pin.svg\" alt=\"\">\n                                                        <label>Kecskem\u00e9t<\/label>\n                        <\/span>\n                    <\/a>\n                                        <a href=\"https:\/\/pvmarket.eu\/en\/iroda\/debrecen\/\" class=\"btn btn--link \">\n                        <span>\n                            <img decoding=\"async\" src=\"https:\/\/pvmarket.eu\/wp-content\/themes\/wagner\/assets\/img\/svg\/pin.svg\" alt=\"\">\n                                                        <label>Debrecen<\/label>\n                        <\/span>\n                    <\/a>\n                                                                          \n                <\/div>\n            <\/div>\n        <\/div>\n    <\/div>\n<\/section>\n\n\n\n\t<section class=\"contact\">\n\t    <div class=\"container-xl\">\n\t        <div class=\"row\">\n\n\t\t\t\t            <div class=\"col-12\">\n\t                <h2 class=\"size--xl mb-4\">CENTRAL WAREHOUSE<\/h2>\t                \n\t            <\/div>\n\t            <div class=\"col-md-6\">      \n\n\t                <p><a href=\"https:\/\/www.google.hu\/maps\/search\/2100 G\u00f6d\u00f6ll\u0151, Telkes M\u00e1ria k\u00f6r\u00fat 48.\" target=\"_blank\" class=\"d-flex alig-itmes-center mt-2 mb-0\"><img decoding=\"async\" class=\"mr-2\" src=\"https:\/\/pvmarket.eu\/wp-content\/themes\/wagner\/assets\/img\/svg\/pin.svg\" alt=\"map pin\">2100 G\u00f6d\u00f6ll\u0151, Telkes M\u00e1ria k\u00f6r\u00fat 48.<\/a><\/p>\n\t                \n\t                <div class=\"contact__block\">\n\t                    <h2>OPENING HOURS OF OUR OFFICE:<\/h2>\n<p>Monday \u2013 Thursday 8:00-17:00<br \/>\nFriday 8:00-14:30<\/p>\n<h2>STOCK RELEASE:<\/h2>\n<p>Monday \u2013 Thursday 8:00-16:30<br \/>\nFriday 8:00-14:00<\/p>\n<h2>PAYMENT<\/h2>\n<p><strong>In our offices it is only possible to pay by bank card or bank transfer.<\/strong><\/p>\n\t                <\/div>\n\n\t                <div class=\"contact__block\">\n\t                    <h2 class=\"mb-3\">Contact:<\/h2>\n\t                    \t                    \t\t\t                    <p class=\"d-flex align-items-start mt-2 mb-0\">\n\t\t                    \t<span class=\"icon-container\">\n\t\t                    \t\t<img decoding=\"async\" src=\"https:\/\/pvmarket.eu\/wp-content\/uploads\/2022\/05\/mail.svg\" alt=\"E-mail ikon\">\n\t\t                    \t<\/span>\n\t\t                    \t<span>\n\t\t                    \t\t<strong>E-mail:&nbsp;<\/strong>\n\t\t                    \t\t\t\t                    \t\t\t<span class=\"white-space-no-wrap\"><a href=\"mailto: export@wagnersolar.hu\">export@wagnersolar.hu<\/a><\/span>\n\t\t                    \t\t\t\t                    \t<\/span>\n\t\t                    <\/p>\n\t                    \t                    \t\t\t                    <p class=\"d-flex align-items-start mt-2 mb-0\">\n\t\t                    \t<span class=\"icon-container\">\n\t\t                    \t\t<img decoding=\"async\" src=\"https:\/\/pvmarket.eu\/wp-content\/uploads\/2022\/05\/mobil.svg\" alt=\"Ikon\">\n\t\t                    \t<\/span>\n\t\t                    \t<span>\n\t\t                    \t\t<strong>Technical support:&nbsp;<\/strong>\n\t\t                    \t\t\t\t                    \t\t\t\t\t                    \t\t\t\t\t                    \t\t\t\t\t\t                    \t\t\t\t<span class=\"white-space-no-wrap\"><a href=\"tel: +36 70 327 2799\">+36 70 327 2799<\/a><\/span>\n\t                    \t\t\t\t\t\t                    \t\t\t\t                    \t<\/span>\n\t\t                    <\/p>\n\t                    \t                    \t\t\t                    <p class=\"d-flex align-items-start mt-2 mb-0\">\n\t\t                    \t<span class=\"icon-container\">\n\t\t                    \t\t<img decoding=\"async\" src=\"https:\/\/pvmarket.eu\/wp-content\/uploads\/2022\/05\/szallitas.svg\" alt=\"Ikon\">\n\t\t                    \t<\/span>\n\t\t                    \t<span>\n\t\t                    \t\t<strong>Stock information, sales:&nbsp;<\/strong>\n\t\t                    \t\t\t\t                    \t\t\t\t\t                    \t\t\t\t\t                    \t\t\t\t\t\t                    \t\t\t\t<span class=\"white-space-no-wrap\"><a href=\"tel: +36 70 601 3535; +36 70 419 6687\">+36 70 601 3535; +36 70 419 6687<\/a><\/span>\n\t                    \t\t\t\t\t\t                    \t\t\t\t                    \t<\/span>\n\t\t                    <\/p>\n\t                    \n\t                <\/div>\n\t                \n\t\t\t\t\t\n\t            <\/div>\n\t            <div class=\"col-md-5 ml-auto mt-5 mt-md-0\">\n\t            \t\t                <img decoding=\"async\" class=\"box-shadow w-100\" src=\"https:\/\/pvmarket.eu\/wp-content\/uploads\/2022\/05\/MG_5032_400kb.jpg\" alt=\"G\u00f6d\u00f6ll\u0151 Nagykereskedelem\">\n\t            <\/div>\n\t\t\t\n\t        <\/div>\n\t    <\/div>\n\t<\/section>\n","protected":false},"excerpt":{"rendered":"","protected":false},"author":3,"featured_media":0,"parent":0,"menu_order":0,"comment_status":"closed","ping_status":"closed","template":"","meta":{"_acf_changed":false,"inline_featured_image":false,"footnotes":""},"class_list":["post-3469","page","type-page","status-publish","hentry"],"acf":[],"yoast_head":"<!-- This site is optimized with the Yoast SEO plugin v27.2 - https:\/\/yoast.com\/product\/yoast-seo-wordpress\/ -->\n<title>Contact - PVmarket<\/title>\n<meta name=\"description\" content=\"Got a question? Feel free to contact us and our colleagues will get back to you within 48 hours! Choose Wagner Solar!\" \/>\n<meta name=\"robots\" content=\"index, follow, max-snippet:-1, max-image-preview:large, max-video-preview:-1\" \/>\n<link rel=\"canonical\" href=\"https:\/\/pvmarket.eu\/en\/contact\/\" \/>\n<meta property=\"og:locale\" content=\"en_US\" \/>\n<meta property=\"og:type\" content=\"article\" \/>\n<meta property=\"og:title\" content=\"Contact\" \/>\n<meta property=\"og:description\" content=\"Got a question? Feel free to contact us and our colleagues will get back to you within 48 hours! Choose Wagner Solar!\" \/>\n<meta property=\"og:url\" content=\"https:\/\/pvmarket.eu\/en\/contact\/\" \/>\n<meta property=\"og:site_name\" content=\"PVmarket\" \/>\n<meta property=\"article:modified_time\" content=\"2024-04-18T21:34:16+00:00\" \/>\n<meta property=\"og:image\" content=\"https:\/\/pvmarket.eu\/wp-content\/uploads\/2022\/05\/irodak-terkepen_fejlec_Kecskemet_web-scaled.jpg\" \/>\n\t<meta property=\"og:image:width\" content=\"2560\" \/>\n\t<meta property=\"og:image:height\" content=\"923\" \/>\n\t<meta property=\"og:image:type\" content=\"image\/jpeg\" \/>\n<meta name=\"twitter:card\" content=\"summary_large_image\" \/>\n<meta name=\"twitter:title\" content=\"Contact\" \/>\n<meta name=\"twitter:description\" content=\"Got a question? Feel free to contact us and our colleagues will get back to you within 48 hours! Choose Wagner Solar!\" \/>\n<meta name=\"twitter:image\" content=\"https:\/\/pvmarket.eu\/wp-content\/uploads\/2022\/05\/irodak-terkepen_fejlec_Kecskemet_web-scaled.jpg\" \/>\n<script type=\"application\/ld+json\" class=\"yoast-schema-graph\">{\"@context\":\"https:\/\/schema.org\",\"@graph\":[{\"@type\":\"WebPage\",\"@id\":\"https:\/\/pvmarket.eu\/en\/contact\/\",\"url\":\"https:\/\/pvmarket.eu\/en\/contact\/\",\"name\":\"Contact - PVmarket\",\"isPartOf\":{\"@id\":\"https:\/\/pvmarket.eu\/#website\"},\"datePublished\":\"2022-05-16T08:20:13+00:00\",\"dateModified\":\"2024-04-18T21:34:16+00:00\",\"description\":\"Got a question? Feel free to contact us and our colleagues will get back to you within 48 hours! Choose Wagner Solar!\",\"breadcrumb\":{\"@id\":\"https:\/\/pvmarket.eu\/en\/contact\/#breadcrumb\"},\"inLanguage\":\"en-US\",\"potentialAction\":[{\"@type\":\"ReadAction\",\"target\":[\"https:\/\/pvmarket.eu\/en\/contact\/\"]}]},{\"@type\":\"BreadcrumbList\",\"@id\":\"https:\/\/pvmarket.eu\/en\/contact\/#breadcrumb\",\"itemListElement\":[{\"@type\":\"ListItem\",\"position\":1,\"name\":\"Kezd\u0151lap\",\"item\":\"https:\/\/pvmarket.eu\/en\/\"},{\"@type\":\"ListItem\",\"position\":2,\"name\":\"Contact\"}]},{\"@type\":\"WebSite\",\"@id\":\"https:\/\/pvmarket.eu\/#website\",\"url\":\"https:\/\/pvmarket.eu\/\",\"name\":\"PVmarket\",\"description\":\"Napelem nagykereskedelem viszontelad\u00f3knak\",\"potentialAction\":[{\"@type\":\"SearchAction\",\"target\":{\"@type\":\"EntryPoint\",\"urlTemplate\":\"https:\/\/pvmarket.eu\/?s={search_term_string}\"},\"query-input\":{\"@type\":\"PropertyValueSpecification\",\"valueRequired\":true,\"valueName\":\"search_term_string\"}}],\"inLanguage\":\"en-US\"}]}<\/script>\n<!-- \/ Yoast SEO plugin. -->","yoast_head_json":{"title":"Contact - PVmarket","description":"Got a question? Feel free to contact us and our colleagues will get back to you within 48 hours! Choose Wagner Solar!","robots":{"index":"index","follow":"follow","max-snippet":"max-snippet:-1","max-image-preview":"max-image-preview:large","max-video-preview":"max-video-preview:-1"},"canonical":"https:\/\/pvmarket.eu\/en\/contact\/","og_locale":"en_US","og_type":"article","og_title":"Contact","og_description":"Got a question? Feel free to contact us and our colleagues will get back to you within 48 hours! Choose Wagner Solar!","og_url":"https:\/\/pvmarket.eu\/en\/contact\/","og_site_name":"PVmarket","article_modified_time":"2024-04-18T21:34:16+00:00","og_image":[{"width":2560,"height":923,"url":"https:\/\/pvmarket.eu\/wp-content\/uploads\/2022\/05\/irodak-terkepen_fejlec_Kecskemet_web-scaled.jpg","type":"image\/jpeg"}],"twitter_card":"summary_large_image","twitter_title":"Contact","twitter_description":"Got a question? Feel free to contact us and our colleagues will get back to you within 48 hours! Choose Wagner Solar!","twitter_image":"https:\/\/pvmarket.eu\/wp-content\/uploads\/2022\/05\/irodak-terkepen_fejlec_Kecskemet_web-scaled.jpg","schema":{"@context":"https:\/\/schema.org","@graph":[{"@type":"WebPage","@id":"https:\/\/pvmarket.eu\/en\/contact\/","url":"https:\/\/pvmarket.eu\/en\/contact\/","name":"Contact - PVmarket","isPartOf":{"@id":"https:\/\/pvmarket.eu\/#website"},"datePublished":"2022-05-16T08:20:13+00:00","dateModified":"2024-04-18T21:34:16+00:00","description":"Got a question? Feel free to contact us and our colleagues will get back to you within 48 hours! Choose Wagner Solar!","breadcrumb":{"@id":"https:\/\/pvmarket.eu\/en\/contact\/#breadcrumb"},"inLanguage":"en-US","potentialAction":[{"@type":"ReadAction","target":["https:\/\/pvmarket.eu\/en\/contact\/"]}]},{"@type":"BreadcrumbList","@id":"https:\/\/pvmarket.eu\/en\/contact\/#breadcrumb","itemListElement":[{"@type":"ListItem","position":1,"name":"Kezd\u0151lap","item":"https:\/\/pvmarket.eu\/en\/"},{"@type":"ListItem","position":2,"name":"Contact"}]},{"@type":"WebSite","@id":"https:\/\/pvmarket.eu\/#website","url":"https:\/\/pvmarket.eu\/","name":"PVmarket","description":"Napelem nagykereskedelem viszontelad\u00f3knak","potentialAction":[{"@type":"SearchAction","target":{"@type":"EntryPoint","urlTemplate":"https:\/\/pvmarket.eu\/?s={search_term_string}"},"query-input":{"@type":"PropertyValueSpecification","valueRequired":true,"valueName":"search_term_string"}}],"inLanguage":"en-US"}]}},"_links":{"self":[{"href":"https:\/\/pvmarket.eu\/en\/wp-json\/wp\/v2\/pages\/3469","targetHints":{"allow":["GET"]}}],"collection":[{"href":"https:\/\/pvmarket.eu\/en\/wp-json\/wp\/v2\/pages"}],"about":[{"href":"https:\/\/pvmarket.eu\/en\/wp-json\/wp\/v2\/types\/page"}],"author":[{"embeddable":true,"href":"https:\/\/pvmarket.eu\/en\/wp-json\/wp\/v2\/users\/3"}],"replies":[{"embeddable":true,"href":"https:\/\/pvmarket.eu\/en\/wp-json\/wp\/v2\/comments?post=3469"}],"version-history":[{"count":24,"href":"https:\/\/pvmarket.eu\/en\/wp-json\/wp\/v2\/pages\/3469\/revisions"}],"predecessor-version":[{"id":8807,"href":"https:\/\/pvmarket.eu\/en\/wp-json\/wp\/v2\/pages\/3469\/revisions\/8807"}],"wp:attachment":[{"href":"https:\/\/pvmarket.eu\/en\/wp-json\/wp\/v2\/media?parent=3469"}],"curies":[{"name":"wp","href":"https:\/\/api.w.org\/{rel}","templated":true}]}}