{"id":3539,"date":"2022-05-16T11:34:22","date_gmt":"2022-05-16T09:34:22","guid":{"rendered":"https:\/\/pvmarket.eu\/?page_id=3539"},"modified":"2024-04-18T23:52:28","modified_gmt":"2024-04-18T21:52:28","slug":"ev-chargers","status":"publish","type":"page","link":"https:\/\/pvmarket.eu\/en\/ev-chargers\/","title":{"rendered":"EV Chargers"},"content":{"rendered":"\n<!--  OG Image magic -->\n<img decoding=\"async\" style=\"width: 0; height: 0; position: absolute; pointer-events: none; display:none;\" src=\"https:\/\/pvmarket.eu\/wp-content\/uploads\/2022\/06\/SGHTwDLfSRtxSUBy3kibD-scaled.jpg\" alt=\"\">\n<section class=\"cover cover--xs closed-z-index\" style=\"background-image: url(https:\/\/pvmarket.eu\/wp-content\/uploads\/2022\/06\/SGHTwDLfSRtxSUBy3kibD-scaled.jpg)\">\n    <div class=\"container-xl\">\n        <div class=\"row\">\n            <div class=\"col-md-5\">\n                <div class=\"cover--xs__text primary-block\">\n                    <h1 >EV Chargers<\/h1>\n                    <p>For home &#038; on the go<\/p>\n                <\/div>\n            <\/div>\n        <\/div>\n    <\/div>\n<\/section>\n\n<!-- BLOCK SEPARATOR -->\n\n<section>\n\t<div class=\"container-xl\">\n\t\t<div class=\"row justify-content-center\">\n            <div class=\"col-12 text-center mt-3 mb-0\">\n                <h2 class=\"size--h1--xs mb-0\">our range of EV Chargers<\/h2>\n            <\/div>\n            \n\t\t\t\t\t\t<div class=\"col-12\">\n\t\t\t\t\t\t\t    <div class=\"tile-slider-container tile-slider-container--triple\">\n\t\t\t\t\t<img decoding=\"async\" class=\"arrow arrow--left \" src=\"https:\/\/pvmarket.eu\/wp-content\/themes\/wagner\/assets\/img\/svg\/arrow-left.svg\">\n\t\t\t\t\t<img decoding=\"async\" class=\"arrow arrow--right \" src=\"https:\/\/pvmarket.eu\/wp-content\/themes\/wagner\/assets\/img\/svg\/arrow-right.svg\">\n\t\t\t        <div class=\"slider-container\">\n\t\t\t\t\t\t\t\t\t\t\t\t\t\t\t                        <div class=\"slide\">\n\t\t                            <div class=\"slide__image\">\n\t\t\t\t\t\t\t\t\t\t\t\t\t\t\t\t\t\t\t\t\t\t\t\t\t\t\t\t\t\t<!-- Preload a k\u00f6zepes m\u00e9ret\u0171 k\u00e9pet mobilra -->\n    \t\t\t\t\t\t\t\t\t<link rel=\"preload\" href=\"https:\/\/pvmarket.eu\/wp-content\/uploads\/2022\/06\/EV-Charger-EU-1000x600_0-300x180.png\" as=\"image\" media=\"(max-width: 768px)\">\n    \n\t\t\t\t\t\t\t\t\t\t<img \n\t\t\t\t\t\t\t\t\t\t\tclass=\"slide__image__img\" \n\t\t\t\t\t\t\t\t\t\t\tsrc=\"https:\/\/pvmarket.eu\/wp-content\/uploads\/2022\/06\/EV-Charger-EU-1000x600_0-300x180.png\" \n\t\t\t\t\t\t\t\t\t\t\tsrcset=\"https:\/\/pvmarket.eu\/wp-content\/uploads\/2022\/06\/EV-Charger-EU-1000x600_0-300x180.png 300w, https:\/\/pvmarket.eu\/wp-content\/uploads\/2022\/06\/EV-Charger-EU-1000x600_0-768x461.png 768w, https:\/\/pvmarket.eu\/wp-content\/uploads\/2022\/06\/EV-Charger-EU-1000x600_0.png 1000w\" \n\t\t\t\t\t\t\t\t\t\t\tsizes=\"(max-width: 768px) 80vw, 100vw\"\n\t\t\t\t\t\t\t\t\t\t\talt=\"SolarEdge elektromos aut\u00f3 t\u00f6lt\u0151\">\n\t\t                                <div class=\"slide__content\">\n\t\t                                    <div>\n\t\t                                        <h2 class=\"size--xs\">SolarEdge EV Charger<\/h2>\n\t\t                                        <p>One and three-phase, Mode 3, smart charging station, with a charging capacity of up to 32 A (22 kW).<\/p>\n\t\t                                    <\/div>\n\t\t\t                                                                                <a href=\"https:\/\/pvmarket.eu\/en\/se-home-ev-charger-datasheet-eu\/\" class=\"btn btn-primary\">More information<\/a>\n\t\t\t                                \t\t                                <\/div>\n\t\t                            <\/div>\n\t\t                        <\/div>\n\t\t\t                \t\t\t\t\t\t\t\t\t\t\t\t\t\t\t                        <div class=\"slide\">\n\t\t                            <div class=\"slide__image\">\n\t\t\t\t\t\t\t\t\t\t\t\t\t\t\t\t\t\t\t\t\t\t\t\t\t\t\t\t\t\t<!-- Preload a k\u00f6zepes m\u00e9ret\u0171 k\u00e9pet mobilra -->\n    \t\t\t\t\t\t\t\t\t<link rel=\"preload\" href=\"https:\/\/pvmarket.eu\/wp-content\/uploads\/2022\/05\/wattpilotproductlateraltransparent169png_crop2-199x300.jpg\" as=\"image\" media=\"(max-width: 768px)\">\n    \n\t\t\t\t\t\t\t\t\t\t<img \n\t\t\t\t\t\t\t\t\t\t\tclass=\"slide__image__img\" \n\t\t\t\t\t\t\t\t\t\t\tsrc=\"https:\/\/pvmarket.eu\/wp-content\/uploads\/2022\/05\/wattpilotproductlateraltransparent169png_crop2-199x300.jpg\" \n\t\t\t\t\t\t\t\t\t\t\tsrcset=\"https:\/\/pvmarket.eu\/wp-content\/uploads\/2022\/05\/wattpilotproductlateraltransparent169png_crop2-199x300.jpg 199w, https:\/\/pvmarket.eu\/wp-content\/uploads\/2022\/05\/wattpilotproductlateraltransparent169png_crop2.jpg 620w\" \n\t\t\t\t\t\t\t\t\t\t\tsizes=\"(max-width: 768px) 80vw, 100vw\"\n\t\t\t\t\t\t\t\t\t\t\talt=\"Fronius elektromos aut\u00f3 t\u00f6lt\u0151\">\n\t\t                                <div class=\"slide__content\">\n\t\t                                    <div>\n\t\t                                        <h2 class=\"size--xs\">Fronius EV Charger<\/h2>\n\t\t                                        <p>Fronius Wattpilot Home for home use, Wattpilot Go for both home and travel is an intelligent solution.<\/p>\n\t\t                                    <\/div>\n\t\t\t                                                                                <a href=\"https:\/\/pvmarket.eu\/en\/se_ds_fronius_wattpilot_en-2\/\" class=\"btn btn-primary\">More information<\/a>\n\t\t\t                                \t\t                                <\/div>\n\t\t                            <\/div>\n\t\t                        <\/div>\n\t\t\t                \t\t\t\t\t\t\t\t\t\t\t\t\t\t\t                        <div class=\"slide\">\n\t\t                            <div class=\"slide__image\">\n\t\t\t\t\t\t\t\t\t\t\t\t\t\t\t\t\t\t\t\t\t\t\t\t\t\t\t\t\t\t<!-- Preload a k\u00f6zepes m\u00e9ret\u0171 k\u00e9pet mobilra -->\n    \t\t\t\t\t\t\t\t\t<link rel=\"preload\" href=\"https:\/\/pvmarket.eu\/wp-content\/uploads\/2022\/07\/solax_wallbox_2022-300x300.jpg\" as=\"image\" media=\"(max-width: 768px)\">\n    \n\t\t\t\t\t\t\t\t\t\t<img \n\t\t\t\t\t\t\t\t\t\t\tclass=\"slide__image__img\" \n\t\t\t\t\t\t\t\t\t\t\tsrc=\"https:\/\/pvmarket.eu\/wp-content\/uploads\/2022\/07\/solax_wallbox_2022-300x300.jpg\" \n\t\t\t\t\t\t\t\t\t\t\tsrcset=\"https:\/\/pvmarket.eu\/wp-content\/uploads\/2022\/07\/solax_wallbox_2022.jpg 300w, https:\/\/pvmarket.eu\/wp-content\/uploads\/2022\/07\/solax_wallbox_2022-150x150.jpg 150w\" \n\t\t\t\t\t\t\t\t\t\t\tsizes=\"(max-width: 768px) 80vw, 100vw\"\n\t\t\t\t\t\t\t\t\t\t\talt=\"Solax Wallbox 2022\">\n\t\t                                <div class=\"slide__content\">\n\t\t                                    <div>\n\t\t                                        <h2 class=\"size--xs\">Solax EV Charger<\/h2>\n\t\t                                        <p>Solax car chargers can be controlled remotely using built-in Wi-Fi, so you can efficiently charge your vehicle with it.<\/p>\n\t\t                                    <\/div>\n\t\t\t                                                                                <a href=\"https:\/\/pvmarket.eu\/en\/ev-charger-v2-2-2-2\/\" class=\"btn btn-primary\">More information<\/a>\n\t\t\t                                \t\t                                <\/div>\n\t\t                            <\/div>\n\t\t                        <\/div>\n\t\t\t                \t\t\t\t\t\t\t\t\t\t\t\t\t\t\t                        <div class=\"slide\">\n\t\t                            <div class=\"slide__image\">\n\t\t\t\t\t\t\t\t\t\t\t\t\t\t\t\t\t\t\t\t\t\t\t\t\t\t\t\t\t\t<!-- Preload a k\u00f6zepes m\u00e9ret\u0171 k\u00e9pet mobilra -->\n    \t\t\t\t\t\t\t\t\t<link rel=\"preload\" href=\"https:\/\/pvmarket.eu\/wp-content\/uploads\/2022\/06\/Chargers_group_kis-300x232.jpg\" as=\"image\" media=\"(max-width: 768px)\">\n    \n\t\t\t\t\t\t\t\t\t\t<img \n\t\t\t\t\t\t\t\t\t\t\tclass=\"slide__image__img\" \n\t\t\t\t\t\t\t\t\t\t\tsrc=\"https:\/\/pvmarket.eu\/wp-content\/uploads\/2022\/06\/Chargers_group_kis-300x232.jpg\" \n\t\t\t\t\t\t\t\t\t\t\tsrcset=\"https:\/\/pvmarket.eu\/wp-content\/uploads\/2022\/06\/Chargers_group_kis-300x232.jpg 300w, https:\/\/pvmarket.eu\/wp-content\/uploads\/2022\/06\/Chargers_group_kis-1024x790.jpg 1024w, https:\/\/pvmarket.eu\/wp-content\/uploads\/2022\/06\/Chargers_group_kis-768x593.jpg 768w, https:\/\/pvmarket.eu\/wp-content\/uploads\/2022\/06\/Chargers_group_kis.jpg 1200w\" \n\t\t\t\t\t\t\t\t\t\t\tsizes=\"(max-width: 768px) 80vw, 100vw\"\n\t\t\t\t\t\t\t\t\t\t\talt=\"Noark elektromos aut\u00f3 t\u00f6lt\u0151\">\n\t\t                                <div class=\"slide__content\">\n\t\t                                    <div>\n\t\t                                        <h2 class=\"size--xs\">NOARK wall mounted EV Charger<\/h2>\n\t\t                                        <p>Ex9EV is a wall-mounted charger for electric vehicles (EVs) with intentions to be used in a household.<\/p>\n\t\t                                    <\/div>\n\t\t\t                                                                                <a href=\"https:\/\/pvmarket.eu\/en\/ex9ev-fali-toltok-techninai-adatlapja-eng-2019-2\/\" class=\"btn btn-primary\">More information<\/a>\n\t\t\t                                \t\t                                <\/div>\n\t\t                            <\/div>\n\t\t                        <\/div>\n\t\t\t                \t\t\t\t\t\t\t\t\t\t\t\t\t\t\t                        <div class=\"slide\">\n\t\t                            <div class=\"slide__image\">\n\t\t\t\t\t\t\t\t\t\t\t\t\t\t\t\t\t\t\t\t\t\t\t\t\t\t\t\t\t\t<!-- Preload a k\u00f6zepes m\u00e9ret\u0171 k\u00e9pet mobilra -->\n    \t\t\t\t\t\t\t\t\t<link rel=\"preload\" href=\"https:\/\/pvmarket.eu\/wp-content\/uploads\/2022\/06\/cable2_kis-283x300.jpg\" as=\"image\" media=\"(max-width: 768px)\">\n    \n\t\t\t\t\t\t\t\t\t\t<img \n\t\t\t\t\t\t\t\t\t\t\tclass=\"slide__image__img\" \n\t\t\t\t\t\t\t\t\t\t\tsrc=\"https:\/\/pvmarket.eu\/wp-content\/uploads\/2022\/06\/cable2_kis-283x300.jpg\" \n\t\t\t\t\t\t\t\t\t\t\tsrcset=\"https:\/\/pvmarket.eu\/wp-content\/uploads\/2022\/06\/cable2_kis-283x300.jpg 283w, https:\/\/pvmarket.eu\/wp-content\/uploads\/2022\/06\/cable2_kis-965x1024.jpg 965w, https:\/\/pvmarket.eu\/wp-content\/uploads\/2022\/06\/cable2_kis-768x815.jpg 768w, https:\/\/pvmarket.eu\/wp-content\/uploads\/2022\/06\/cable2_kis.jpg 1131w\" \n\t\t\t\t\t\t\t\t\t\t\tsizes=\"(max-width: 768px) 80vw, 100vw\"\n\t\t\t\t\t\t\t\t\t\t\talt=\"Noark elektromos aut\u00f3 t\u00f6lt\u0151k\u00e1bel\">\n\t\t                                <div class=\"slide__content\">\n\t\t                                    <div>\n\t\t                                        <h2 class=\"size--xs\">NOARK cable EV Charger<\/h2>\n\t\t                                        <p>EV charging cable Ex9EVC is a mobile solution for charging your EV (electric vehicle). It can be used as complementary charger or replace the main charger.<\/p>\n\t\t                                    <\/div>\n\t\t\t                                                                                <a href=\"https:\/\/pvmarket.eu\/en\/ex9evc-toltokabelek-technikai-adatlapja-eng-2019-2\/\" class=\"btn btn-primary\">More information<\/a>\n\t\t\t                                \t\t                                <\/div>\n\t\t                            <\/div>\n\t\t                        <\/div>\n\t\t\t                \t\t\t\t\t\t\t\t\t        <\/div>\n\t\t\t    <\/div>\n\t\t\t<\/div>\n\t\t\t\t\t<\/div>\n\t<\/div>\n<\/section>\n\n\n\n<section class=\"text-block-container text-block-container--ul mt-xs\">\n    <div class=\"container-xl\">\n        <div class=\"row\">\n\n                        \n                        <div class=\"col-12\">\n                <h2 class=\"size--h1 text-left\">Do you have questions?<\/h2>\n            <\/div>\n                        \n            <div class=\"col-lg-6 order-1\">\n                                    <p>If you are interested in our current price list, don&#8217;t hesitate to contact us! Our expert colleagues will help you, whether it is a technical question or product availability.<\/p>\n<p>Contact us at <strong>+36\u00a070\u00a0598\u00a05607<\/strong>\u00a0or email<strong> <a href=\"mailto:export@wagnersolar.hu\" target=\"_blank\" rel=\"noopener\">export@wagnersolar.hu<\/a><\/strong><\/p>\n                                            <\/div>\n                        \t<div class=\"col-lg-5 d-flex ml-auto align-items-start order-2\">\n            \t\t<img decoding=\"async\" class=\"img-fluid border-radius ml-auto\" src=\"https:\/\/pvmarket.eu\/wp-content\/uploads\/2022\/05\/cooperation-analyst-chart-professional-paper-economics-scaled-1-768x512.jpg\" alt=\"Elemz\u0151\">\n            \t<\/div>\n                    <\/div>\n    <\/div>\n<\/section>","protected":false},"excerpt":{"rendered":"","protected":false},"author":3,"featured_media":0,"parent":0,"menu_order":0,"comment_status":"closed","ping_status":"closed","template":"","meta":{"_acf_changed":false,"inline_featured_image":false,"footnotes":""},"class_list":["post-3539","page","type-page","status-publish","hentry"],"acf":[],"yoast_head":"<!-- This site is optimized with the Yoast SEO plugin v27.5 - https:\/\/yoast.com\/product\/yoast-seo-wordpress\/ -->\n<title>EV Chargers - PVmarket<\/title>\n<meta name=\"description\" content=\"EV Chargers for home &amp; on the go. Our expert colleagues will help you, whether it is a technical question or product availability.\" \/>\n<meta name=\"robots\" content=\"index, follow, max-snippet:-1, max-image-preview:large, max-video-preview:-1\" \/>\n<link rel=\"canonical\" href=\"https:\/\/pvmarket.eu\/en\/ev-chargers\/\" \/>\n<meta property=\"og:locale\" content=\"en_US\" \/>\n<meta property=\"og:type\" content=\"article\" \/>\n<meta property=\"og:title\" content=\"EV Chargers\" \/>\n<meta property=\"og:description\" content=\"EV Chargers for home &amp; on the go. Our expert colleagues will help you, whether it is a technical question or product availability.\" \/>\n<meta property=\"og:url\" content=\"https:\/\/pvmarket.eu\/en\/ev-chargers\/\" \/>\n<meta property=\"og:site_name\" content=\"PVmarket\" \/>\n<meta property=\"article:modified_time\" content=\"2024-04-18T21:52:28+00:00\" \/>\n<meta property=\"og:image\" content=\"https:\/\/pvmarket.eu\/wp-content\/uploads\/2022\/06\/SGHTwDLfSRtxSUBy3kibD-scaled.jpg\" \/>\n\t<meta property=\"og:image:width\" content=\"2560\" \/>\n\t<meta property=\"og:image:height\" content=\"1617\" \/>\n\t<meta property=\"og:image:type\" content=\"image\/jpeg\" \/>\n<meta name=\"twitter:card\" content=\"summary_large_image\" \/>\n<meta name=\"twitter:title\" content=\"EV Chargers\" \/>\n<meta name=\"twitter:description\" content=\"EV Chargers for home &amp; on the go. Our expert colleagues will help you, whether it is a technical question or product availability.\" \/>\n<meta name=\"twitter:image\" content=\"https:\/\/pvmarket.eu\/wp-content\/uploads\/2022\/06\/SGHTwDLfSRtxSUBy3kibD-scaled.jpg\" \/>\n<script type=\"application\/ld+json\" class=\"yoast-schema-graph\">{\"@context\":\"https:\\\/\\\/schema.org\",\"@graph\":[{\"@type\":\"WebPage\",\"@id\":\"https:\\\/\\\/pvmarket.eu\\\/en\\\/ev-chargers\\\/\",\"url\":\"https:\\\/\\\/pvmarket.eu\\\/en\\\/ev-chargers\\\/\",\"name\":\"EV Chargers - PVmarket\",\"isPartOf\":{\"@id\":\"https:\\\/\\\/pvmarket.eu\\\/#website\"},\"datePublished\":\"2022-05-16T09:34:22+00:00\",\"dateModified\":\"2024-04-18T21:52:28+00:00\",\"description\":\"EV Chargers for home & on the go. Our expert colleagues will help you, whether it is a technical question or product availability.\",\"breadcrumb\":{\"@id\":\"https:\\\/\\\/pvmarket.eu\\\/en\\\/ev-chargers\\\/#breadcrumb\"},\"inLanguage\":\"en-US\",\"potentialAction\":[{\"@type\":\"ReadAction\",\"target\":[\"https:\\\/\\\/pvmarket.eu\\\/en\\\/ev-chargers\\\/\"]}]},{\"@type\":\"BreadcrumbList\",\"@id\":\"https:\\\/\\\/pvmarket.eu\\\/en\\\/ev-chargers\\\/#breadcrumb\",\"itemListElement\":[{\"@type\":\"ListItem\",\"position\":1,\"name\":\"Kezd\u0151lap\",\"item\":\"https:\\\/\\\/pvmarket.eu\\\/en\\\/\"},{\"@type\":\"ListItem\",\"position\":2,\"name\":\"EV Chargers\"}]},{\"@type\":\"WebSite\",\"@id\":\"https:\\\/\\\/pvmarket.eu\\\/#website\",\"url\":\"https:\\\/\\\/pvmarket.eu\\\/\",\"name\":\"PVmarket\",\"description\":\"Napelem nagykereskedelem viszontelad\u00f3knak\",\"potentialAction\":[{\"@type\":\"SearchAction\",\"target\":{\"@type\":\"EntryPoint\",\"urlTemplate\":\"https:\\\/\\\/pvmarket.eu\\\/?s={search_term_string}\"},\"query-input\":{\"@type\":\"PropertyValueSpecification\",\"valueRequired\":true,\"valueName\":\"search_term_string\"}}],\"inLanguage\":\"en-US\"}]}<\/script>\n<!-- \/ Yoast SEO plugin. -->","yoast_head_json":{"title":"EV Chargers - PVmarket","description":"EV Chargers for home & on the go. Our expert colleagues will help you, whether it is a technical question or product availability.","robots":{"index":"index","follow":"follow","max-snippet":"max-snippet:-1","max-image-preview":"max-image-preview:large","max-video-preview":"max-video-preview:-1"},"canonical":"https:\/\/pvmarket.eu\/en\/ev-chargers\/","og_locale":"en_US","og_type":"article","og_title":"EV Chargers","og_description":"EV Chargers for home & on the go. Our expert colleagues will help you, whether it is a technical question or product availability.","og_url":"https:\/\/pvmarket.eu\/en\/ev-chargers\/","og_site_name":"PVmarket","article_modified_time":"2024-04-18T21:52:28+00:00","og_image":[{"width":2560,"height":1617,"url":"https:\/\/pvmarket.eu\/wp-content\/uploads\/2022\/06\/SGHTwDLfSRtxSUBy3kibD-scaled.jpg","type":"image\/jpeg"}],"twitter_card":"summary_large_image","twitter_title":"EV Chargers","twitter_description":"EV Chargers for home & on the go. Our expert colleagues will help you, whether it is a technical question or product availability.","twitter_image":"https:\/\/pvmarket.eu\/wp-content\/uploads\/2022\/06\/SGHTwDLfSRtxSUBy3kibD-scaled.jpg","schema":{"@context":"https:\/\/schema.org","@graph":[{"@type":"WebPage","@id":"https:\/\/pvmarket.eu\/en\/ev-chargers\/","url":"https:\/\/pvmarket.eu\/en\/ev-chargers\/","name":"EV Chargers - PVmarket","isPartOf":{"@id":"https:\/\/pvmarket.eu\/#website"},"datePublished":"2022-05-16T09:34:22+00:00","dateModified":"2024-04-18T21:52:28+00:00","description":"EV Chargers for home & on the go. Our expert colleagues will help you, whether it is a technical question or product availability.","breadcrumb":{"@id":"https:\/\/pvmarket.eu\/en\/ev-chargers\/#breadcrumb"},"inLanguage":"en-US","potentialAction":[{"@type":"ReadAction","target":["https:\/\/pvmarket.eu\/en\/ev-chargers\/"]}]},{"@type":"BreadcrumbList","@id":"https:\/\/pvmarket.eu\/en\/ev-chargers\/#breadcrumb","itemListElement":[{"@type":"ListItem","position":1,"name":"Kezd\u0151lap","item":"https:\/\/pvmarket.eu\/en\/"},{"@type":"ListItem","position":2,"name":"EV Chargers"}]},{"@type":"WebSite","@id":"https:\/\/pvmarket.eu\/#website","url":"https:\/\/pvmarket.eu\/","name":"PVmarket","description":"Napelem nagykereskedelem viszontelad\u00f3knak","potentialAction":[{"@type":"SearchAction","target":{"@type":"EntryPoint","urlTemplate":"https:\/\/pvmarket.eu\/?s={search_term_string}"},"query-input":{"@type":"PropertyValueSpecification","valueRequired":true,"valueName":"search_term_string"}}],"inLanguage":"en-US"}]}},"_links":{"self":[{"href":"https:\/\/pvmarket.eu\/en\/wp-json\/wp\/v2\/pages\/3539","targetHints":{"allow":["GET"]}}],"collection":[{"href":"https:\/\/pvmarket.eu\/en\/wp-json\/wp\/v2\/pages"}],"about":[{"href":"https:\/\/pvmarket.eu\/en\/wp-json\/wp\/v2\/types\/page"}],"author":[{"embeddable":true,"href":"https:\/\/pvmarket.eu\/en\/wp-json\/wp\/v2\/users\/3"}],"replies":[{"embeddable":true,"href":"https:\/\/pvmarket.eu\/en\/wp-json\/wp\/v2\/comments?post=3539"}],"version-history":[{"count":21,"href":"https:\/\/pvmarket.eu\/en\/wp-json\/wp\/v2\/pages\/3539\/revisions"}],"predecessor-version":[{"id":4222,"href":"https:\/\/pvmarket.eu\/en\/wp-json\/wp\/v2\/pages\/3539\/revisions\/4222"}],"wp:attachment":[{"href":"https:\/\/pvmarket.eu\/en\/wp-json\/wp\/v2\/media?parent=3539"}],"curies":[{"name":"wp","href":"https:\/\/api.w.org\/{rel}","templated":true}]}}