{"id":3551,"date":"2022-05-16T11:34:13","date_gmt":"2022-05-16T09:34:13","guid":{"rendered":"https:\/\/pvmarket.eu\/?page_id=3551"},"modified":"2024-04-18T23:51:23","modified_gmt":"2024-04-18T21:51:23","slug":"solar-inverters","status":"publish","type":"page","link":"https:\/\/pvmarket.eu\/en\/solar-inverters\/","title":{"rendered":"Solar inverters"},"content":{"rendered":"\n<!--  OG Image magic -->\n<img decoding=\"async\" style=\"width: 0; height: 0; position: absolute; pointer-events: none; display:none;\" src=\"https:\/\/pvmarket.eu\/wp-content\/uploads\/2022\/05\/napelem-rendszer2.jpg\" alt=\"\">\n<section class=\"cover cover--xs closed-z-index\" style=\"background-image: url(https:\/\/pvmarket.eu\/wp-content\/uploads\/2022\/05\/napelem-rendszer2.jpg)\">\n    <div class=\"container-xl\">\n        <div class=\"row\">\n            <div class=\"col-md-5\">\n                <div class=\"cover--xs__text primary-block\">\n                    <h1 >Solar inverters<\/h1>\n                    <p>Inverters for all solar systems<\/p>\n                <\/div>\n            <\/div>\n        <\/div>\n    <\/div>\n<\/section>\n\n<!-- BLOCK SEPARATOR -->\n\n<section>\n\t<div class=\"container-xl\">\n\t\t<div class=\"row justify-content-center\">\n            <div class=\"col-12 text-center mt-3 mb-0\">\n                <h2 class=\"size--h1--xs mb-0\">our range of solar inverters<\/h2>\n            <\/div>\n            \n\t\t\t\t\t\t<div class=\"col-12\">\n\t\t\t\t\t\t\t    <div class=\"tile-slider-container tile-slider-container--triple\">\n\t\t\t\t\t<img decoding=\"async\" class=\"arrow arrow--left d-block d-lg-none\" src=\"https:\/\/pvmarket.eu\/wp-content\/themes\/wagner\/assets\/img\/svg\/arrow-left.svg\">\n\t\t\t\t\t<img decoding=\"async\" class=\"arrow arrow--right d-block d-lg-none\" src=\"https:\/\/pvmarket.eu\/wp-content\/themes\/wagner\/assets\/img\/svg\/arrow-right.svg\">\n\t\t\t        <div class=\"slider-container\">\n\t\t\t\t\t\t\t\t\t\t\t\t\t\t\t                        <div class=\"slide\">\n\t\t                            <div class=\"slide__image\">\n\t\t\t\t\t\t\t\t\t\t\t\t\t\t\t\t\t\t\t\t\t\t\t\t\t\t\t\t\t\t<!-- Preload a k\u00f6zepes m\u00e9ret\u0171 k\u00e9pet mobilra -->\n    \t\t\t\t\t\t\t\t\t<link rel=\"preload\" href=\"https:\/\/pvmarket.eu\/wp-content\/uploads\/2022\/07\/solaredge-se10k-300x300.png\" as=\"image\" media=\"(max-width: 768px)\">\n    \n\t\t\t\t\t\t\t\t\t\t<img \n\t\t\t\t\t\t\t\t\t\t\tclass=\"slide__image__img\" \n\t\t\t\t\t\t\t\t\t\t\tsrc=\"https:\/\/pvmarket.eu\/wp-content\/uploads\/2022\/07\/solaredge-se10k-300x300.png\" \n\t\t\t\t\t\t\t\t\t\t\tsrcset=\"https:\/\/pvmarket.eu\/wp-content\/uploads\/2022\/07\/solaredge-se10k-300x300.png 300w, https:\/\/pvmarket.eu\/wp-content\/uploads\/2022\/07\/solaredge-se10k-150x150.png 150w, https:\/\/pvmarket.eu\/wp-content\/uploads\/2022\/07\/solaredge-se10k.png 600w\" \n\t\t\t\t\t\t\t\t\t\t\tsizes=\"(max-width: 768px) 80vw, 100vw\"\n\t\t\t\t\t\t\t\t\t\t\talt=\"Solar Edge inverter\">\n\t\t                                <div class=\"slide__content\">\n\t\t                                    <div>\n\t\t                                        <h2 class=\"size--xs\">SolarEdge inverters<\/h2>\n\t\t                                        <p>SolarEdge technology, to get the most out of the solar panel system for both, one and three phases.<\/p>\n\t\t                                    <\/div>\n\t\t\t                                                                                <a href=\"https:\/\/pvmarket.eu\/en\/solaredge-inverters\/\" class=\"btn btn-primary\">More information<\/a>\n\t\t\t                                \t\t                                <\/div>\n\t\t                            <\/div>\n\t\t                        <\/div>\n\t\t\t                \t\t\t\t\t\t\t\t\t\t\t\t\t\t\t                        <div class=\"slide\">\n\t\t                            <div class=\"slide__image\">\n\t\t\t\t\t\t\t\t\t\t\t\t\t\t\t\t\t\t\t\t\t\t\t\t\t\t\t\t\t\t<!-- Preload a k\u00f6zepes m\u00e9ret\u0171 k\u00e9pet mobilra -->\n    \t\t\t\t\t\t\t\t\t<link rel=\"preload\" href=\"https:\/\/pvmarket.eu\/wp-content\/uploads\/2022\/05\/X3-Pro-300x276.jpg\" as=\"image\" media=\"(max-width: 768px)\">\n    \n\t\t\t\t\t\t\t\t\t\t<img \n\t\t\t\t\t\t\t\t\t\t\tclass=\"slide__image__img\" \n\t\t\t\t\t\t\t\t\t\t\tsrc=\"https:\/\/pvmarket.eu\/wp-content\/uploads\/2022\/05\/X3-Pro-300x276.jpg\" \n\t\t\t\t\t\t\t\t\t\t\tsrcset=\"https:\/\/pvmarket.eu\/wp-content\/uploads\/2022\/05\/X3-Pro-300x276.jpg 300w, https:\/\/pvmarket.eu\/wp-content\/uploads\/2022\/05\/X3-Pro-1024x943.jpg 1024w, https:\/\/pvmarket.eu\/wp-content\/uploads\/2022\/05\/X3-Pro-768x708.jpg 768w, https:\/\/pvmarket.eu\/wp-content\/uploads\/2022\/05\/X3-Pro-1536x1415.jpg 1536w, https:\/\/pvmarket.eu\/wp-content\/uploads\/2022\/05\/X3-Pro-2048x1887.jpg 2048w\" \n\t\t\t\t\t\t\t\t\t\t\tsizes=\"(max-width: 768px) 80vw, 100vw\"\n\t\t\t\t\t\t\t\t\t\t\talt=\"X3 Pro\">\n\t\t                                <div class=\"slide__content\">\n\t\t                                    <div>\n\t\t                                        <h2 class=\"size--xs\">Solax inverters<\/h2>\n\t\t                                        <p>Developed &amp; tested according to the highest requirements, with an efficiency of up to 97.8%.<\/p>\n\t\t                                    <\/div>\n\t\t\t                                                                                <a href=\"https:\/\/pvmarket.eu\/en\/solax-power-inverters\/\" class=\"btn btn-primary\">More information<\/a>\n\t\t\t                                \t\t                                <\/div>\n\t\t                            <\/div>\n\t\t                        <\/div>\n\t\t\t                \t\t\t\t\t\t\t\t\t\t\t\t\t\t\t                        <div class=\"slide\">\n\t\t                            <div class=\"slide__image\">\n\t\t\t\t\t\t\t\t\t\t\t\t\t\t\t\t\t\t\t\t\t\t\t\t\t\t\t\t\t\t<!-- Preload a k\u00f6zepes m\u00e9ret\u0171 k\u00e9pet mobilra -->\n    \t\t\t\t\t\t\t\t\t<link rel=\"preload\" href=\"https:\/\/pvmarket.eu\/wp-content\/uploads\/2022\/06\/Fronius-Symo-inverter-300x300.png\" as=\"image\" media=\"(max-width: 768px)\">\n    \n\t\t\t\t\t\t\t\t\t\t<img \n\t\t\t\t\t\t\t\t\t\t\tclass=\"slide__image__img\" \n\t\t\t\t\t\t\t\t\t\t\tsrc=\"https:\/\/pvmarket.eu\/wp-content\/uploads\/2022\/06\/Fronius-Symo-inverter-300x300.png\" \n\t\t\t\t\t\t\t\t\t\t\tsrcset=\"https:\/\/pvmarket.eu\/wp-content\/uploads\/2022\/06\/Fronius-Symo-inverter-300x300.png 300w, https:\/\/pvmarket.eu\/wp-content\/uploads\/2022\/06\/Fronius-Symo-inverter-150x150.png 150w, https:\/\/pvmarket.eu\/wp-content\/uploads\/2022\/06\/Fronius-Symo-inverter-768x768.png 768w, https:\/\/pvmarket.eu\/wp-content\/uploads\/2022\/06\/Fronius-Symo-inverter.png 866w\" \n\t\t\t\t\t\t\t\t\t\t\tsizes=\"(max-width: 768px) 80vw, 100vw\"\n\t\t\t\t\t\t\t\t\t\t\talt=\"Fronius Symo inverter\">\n\t\t                                <div class=\"slide__content\">\n\t\t                                    <div>\n\t\t                                        <h2 class=\"size--xs\">Fronius inverters<\/h2>\n\t\t                                        <p>Communicative inverters for optimized energy management.<\/p>\n\t\t                                    <\/div>\n\t\t\t                                                                                <a href=\"https:\/\/pvmarket.eu\/en\/fronius-inverters\/\" class=\"btn btn-primary\">More information<\/a>\n\t\t\t                                \t\t                                <\/div>\n\t\t                            <\/div>\n\t\t                        <\/div>\n\t\t\t                \t\t\t\t\t\t\t\t\t        <\/div>\n\t\t\t    <\/div>\n\t\t\t<\/div>\n\t\t\t\t\t<\/div>\n\t<\/div>\n<\/section>\n\n\n\n<section class=\"text-block-container text-block-container--ul mt-xs\">\n    <div class=\"container-xl\">\n        <div class=\"row\">\n\n                        \n                        <div class=\"col-12\">\n                <h2 class=\"size--h1 text-left\">Do you have questions?<\/h2>\n            <\/div>\n                        \n            <div class=\"col-lg-6 order-1\">\n                                    <p>If you are interested in our current price list, don&#8217;t hesitate to contact us! Our expert colleagues will help you, whether it is a technical question or product availability.<\/p>\n<p>Contact us at <strong>+36\u00a070\u00a0598\u00a05607<\/strong>\u00a0or email<strong> <a href=\"mailto:export@wagnersolar.hu\" target=\"_blank\" rel=\"noopener\">export@wagnersolar.hu<\/a><\/strong><\/p>\n                                            <\/div>\n                        \t<div class=\"col-lg-5 d-flex ml-auto align-items-start order-2\">\n            \t\t<img decoding=\"async\" class=\"img-fluid border-radius ml-auto\" src=\"https:\/\/pvmarket.eu\/wp-content\/uploads\/2022\/05\/cooperation-analyst-chart-professional-paper-economics-scaled-1-768x512.jpg\" alt=\"Elemz\u0151\">\n            \t<\/div>\n                    <\/div>\n    <\/div>\n<\/section>","protected":false},"excerpt":{"rendered":"","protected":false},"author":3,"featured_media":0,"parent":0,"menu_order":0,"comment_status":"closed","ping_status":"closed","template":"","meta":{"_acf_changed":false,"inline_featured_image":false,"footnotes":""},"class_list":["post-3551","page","type-page","status-publish","hentry"],"acf":[],"yoast_head":"<!-- This site is optimized with the Yoast SEO plugin v27.2 - https:\/\/yoast.com\/product\/yoast-seo-wordpress\/ -->\n<title>Solar inverters - PVmarket<\/title>\n<meta name=\"description\" content=\"Inverters for all solar systems. Our expert colleagues will help you, whether it is a technical question or product availability.\" \/>\n<meta name=\"robots\" content=\"index, follow, max-snippet:-1, max-image-preview:large, max-video-preview:-1\" \/>\n<link rel=\"canonical\" href=\"https:\/\/pvmarket.eu\/en\/solar-inverters\/\" \/>\n<meta property=\"og:locale\" content=\"en_US\" \/>\n<meta property=\"og:type\" content=\"article\" \/>\n<meta property=\"og:title\" content=\"Solar inverters\" \/>\n<meta property=\"og:description\" content=\"Inverters for all solar systems. Our expert colleagues will help you, whether it is a technical question or product availability.\" \/>\n<meta property=\"og:url\" content=\"https:\/\/pvmarket.eu\/en\/solar-inverters\/\" \/>\n<meta property=\"og:site_name\" content=\"PVmarket\" \/>\n<meta property=\"article:modified_time\" content=\"2024-04-18T21:51:23+00:00\" \/>\n<meta property=\"og:image\" content=\"https:\/\/pvmarket.eu\/wp-content\/uploads\/2022\/05\/napelem-rendszer2.jpg\" \/>\n\t<meta property=\"og:image:width\" content=\"1920\" \/>\n\t<meta property=\"og:image:height\" content=\"1280\" \/>\n\t<meta property=\"og:image:type\" content=\"image\/jpeg\" \/>\n<meta name=\"twitter:card\" content=\"summary_large_image\" \/>\n<meta name=\"twitter:title\" content=\"Solar inverters\" \/>\n<meta name=\"twitter:description\" content=\"Inverters for all solar systems. Our expert colleagues will help you, whether it is a technical question or product availability.\" \/>\n<meta name=\"twitter:image\" content=\"https:\/\/pvmarket.eu\/wp-content\/uploads\/2022\/05\/napelem-rendszer2.jpg\" \/>\n<script type=\"application\/ld+json\" class=\"yoast-schema-graph\">{\"@context\":\"https:\/\/schema.org\",\"@graph\":[{\"@type\":\"WebPage\",\"@id\":\"https:\/\/pvmarket.eu\/en\/solar-inverters\/\",\"url\":\"https:\/\/pvmarket.eu\/en\/solar-inverters\/\",\"name\":\"Solar inverters - PVmarket\",\"isPartOf\":{\"@id\":\"https:\/\/pvmarket.eu\/#website\"},\"datePublished\":\"2022-05-16T09:34:13+00:00\",\"dateModified\":\"2024-04-18T21:51:23+00:00\",\"description\":\"Inverters for all solar systems. Our expert colleagues will help you, whether it is a technical question or product availability.\",\"breadcrumb\":{\"@id\":\"https:\/\/pvmarket.eu\/en\/solar-inverters\/#breadcrumb\"},\"inLanguage\":\"en-US\",\"potentialAction\":[{\"@type\":\"ReadAction\",\"target\":[\"https:\/\/pvmarket.eu\/en\/solar-inverters\/\"]}]},{\"@type\":\"BreadcrumbList\",\"@id\":\"https:\/\/pvmarket.eu\/en\/solar-inverters\/#breadcrumb\",\"itemListElement\":[{\"@type\":\"ListItem\",\"position\":1,\"name\":\"Kezd\u0151lap\",\"item\":\"https:\/\/pvmarket.eu\/en\/\"},{\"@type\":\"ListItem\",\"position\":2,\"name\":\"Solar inverters\"}]},{\"@type\":\"WebSite\",\"@id\":\"https:\/\/pvmarket.eu\/#website\",\"url\":\"https:\/\/pvmarket.eu\/\",\"name\":\"PVmarket\",\"description\":\"Napelem nagykereskedelem viszontelad\u00f3knak\",\"potentialAction\":[{\"@type\":\"SearchAction\",\"target\":{\"@type\":\"EntryPoint\",\"urlTemplate\":\"https:\/\/pvmarket.eu\/?s={search_term_string}\"},\"query-input\":{\"@type\":\"PropertyValueSpecification\",\"valueRequired\":true,\"valueName\":\"search_term_string\"}}],\"inLanguage\":\"en-US\"}]}<\/script>\n<!-- \/ Yoast SEO plugin. -->","yoast_head_json":{"title":"Solar inverters - PVmarket","description":"Inverters for all solar systems. Our expert colleagues will help you, whether it is a technical question or product availability.","robots":{"index":"index","follow":"follow","max-snippet":"max-snippet:-1","max-image-preview":"max-image-preview:large","max-video-preview":"max-video-preview:-1"},"canonical":"https:\/\/pvmarket.eu\/en\/solar-inverters\/","og_locale":"en_US","og_type":"article","og_title":"Solar inverters","og_description":"Inverters for all solar systems. Our expert colleagues will help you, whether it is a technical question or product availability.","og_url":"https:\/\/pvmarket.eu\/en\/solar-inverters\/","og_site_name":"PVmarket","article_modified_time":"2024-04-18T21:51:23+00:00","og_image":[{"width":1920,"height":1280,"url":"https:\/\/pvmarket.eu\/wp-content\/uploads\/2022\/05\/napelem-rendszer2.jpg","type":"image\/jpeg"}],"twitter_card":"summary_large_image","twitter_title":"Solar inverters","twitter_description":"Inverters for all solar systems. Our expert colleagues will help you, whether it is a technical question or product availability.","twitter_image":"https:\/\/pvmarket.eu\/wp-content\/uploads\/2022\/05\/napelem-rendszer2.jpg","schema":{"@context":"https:\/\/schema.org","@graph":[{"@type":"WebPage","@id":"https:\/\/pvmarket.eu\/en\/solar-inverters\/","url":"https:\/\/pvmarket.eu\/en\/solar-inverters\/","name":"Solar inverters - PVmarket","isPartOf":{"@id":"https:\/\/pvmarket.eu\/#website"},"datePublished":"2022-05-16T09:34:13+00:00","dateModified":"2024-04-18T21:51:23+00:00","description":"Inverters for all solar systems. Our expert colleagues will help you, whether it is a technical question or product availability.","breadcrumb":{"@id":"https:\/\/pvmarket.eu\/en\/solar-inverters\/#breadcrumb"},"inLanguage":"en-US","potentialAction":[{"@type":"ReadAction","target":["https:\/\/pvmarket.eu\/en\/solar-inverters\/"]}]},{"@type":"BreadcrumbList","@id":"https:\/\/pvmarket.eu\/en\/solar-inverters\/#breadcrumb","itemListElement":[{"@type":"ListItem","position":1,"name":"Kezd\u0151lap","item":"https:\/\/pvmarket.eu\/en\/"},{"@type":"ListItem","position":2,"name":"Solar inverters"}]},{"@type":"WebSite","@id":"https:\/\/pvmarket.eu\/#website","url":"https:\/\/pvmarket.eu\/","name":"PVmarket","description":"Napelem nagykereskedelem viszontelad\u00f3knak","potentialAction":[{"@type":"SearchAction","target":{"@type":"EntryPoint","urlTemplate":"https:\/\/pvmarket.eu\/?s={search_term_string}"},"query-input":{"@type":"PropertyValueSpecification","valueRequired":true,"valueName":"search_term_string"}}],"inLanguage":"en-US"}]}},"_links":{"self":[{"href":"https:\/\/pvmarket.eu\/en\/wp-json\/wp\/v2\/pages\/3551","targetHints":{"allow":["GET"]}}],"collection":[{"href":"https:\/\/pvmarket.eu\/en\/wp-json\/wp\/v2\/pages"}],"about":[{"href":"https:\/\/pvmarket.eu\/en\/wp-json\/wp\/v2\/types\/page"}],"author":[{"embeddable":true,"href":"https:\/\/pvmarket.eu\/en\/wp-json\/wp\/v2\/users\/3"}],"replies":[{"embeddable":true,"href":"https:\/\/pvmarket.eu\/en\/wp-json\/wp\/v2\/comments?post=3551"}],"version-history":[{"count":20,"href":"https:\/\/pvmarket.eu\/en\/wp-json\/wp\/v2\/pages\/3551\/revisions"}],"predecessor-version":[{"id":3881,"href":"https:\/\/pvmarket.eu\/en\/wp-json\/wp\/v2\/pages\/3551\/revisions\/3881"}],"wp:attachment":[{"href":"https:\/\/pvmarket.eu\/en\/wp-json\/wp\/v2\/media?parent=3551"}],"curies":[{"name":"wp","href":"https:\/\/api.w.org\/{rel}","templated":true}]}}