{"id":3556,"date":"2022-05-27T07:38:21","date_gmt":"2022-05-27T05:38:21","guid":{"rendered":"https:\/\/pvmarket.eu\/?page_id=3556"},"modified":"2024-04-18T23:45:06","modified_gmt":"2024-04-18T21:45:06","slug":"solar-panels","status":"publish","type":"page","link":"https:\/\/pvmarket.eu\/en\/solar-panels\/","title":{"rendered":"Solar Panels"},"content":{"rendered":"\n<!--  OG Image magic -->\n<img decoding=\"async\" style=\"width: 0; height: 0; position: absolute; pointer-events: none; display:none;\" src=\"https:\/\/pvmarket.eu\/wp-content\/uploads\/2022\/05\/web_dreamstime_244496732-2.jpg\" alt=\"\">\n<section class=\"cover cover--xs closed-z-index\" style=\"background-image: url(https:\/\/pvmarket.eu\/wp-content\/uploads\/2022\/05\/web_dreamstime_244496732-2.jpg)\">\n    <div class=\"container-xl\">\n        <div class=\"row\">\n            <div class=\"col-md-5\">\n                <div class=\"cover--xs__text primary-block\">\n                    <h1 >Solar panels<\/h1>\n                    <p>Quality, reliable solar modules with a 12-30 year warranty<\/p>\n                <\/div>\n            <\/div>\n        <\/div>\n    <\/div>\n<\/section>\n\n<!-- BLOCK SEPARATOR -->\n\n<section>\n\t<div class=\"container-xl\">\n\t\t<div class=\"row justify-content-center\">\n            <div class=\"col-12 text-center mt-3 mb-0\">\n                <h2 class=\"size--h1--xs mb-0\">our range of solar panels<\/h2>\n            <\/div>\n            \n\t\t\t\t\t\t<div class=\"col-12\">\n\t\t\t\t\t\t\t    <div class=\"tile-slider-container tile-slider-container--triple\">\n\t\t\t\t\t<img decoding=\"async\" class=\"arrow arrow--left \" src=\"https:\/\/pvmarket.eu\/wp-content\/themes\/wagner\/assets\/img\/svg\/arrow-left.svg\">\n\t\t\t\t\t<img decoding=\"async\" class=\"arrow arrow--right \" src=\"https:\/\/pvmarket.eu\/wp-content\/themes\/wagner\/assets\/img\/svg\/arrow-right.svg\">\n\t\t\t        <div class=\"slider-container\">\n\t\t\t\t\t\t\t\t\t\t\t\t\t\t\t                        <div class=\"slide\">\n\t\t                            <div class=\"slide__image\">\n\t\t\t\t\t\t\t\t\t\t\t\t\t\t\t\t\t\t\t\t\t\t\t\t\t\t\t\t\t\t<!-- Preload a k\u00f6zepes m\u00e9ret\u0171 k\u00e9pet mobilra -->\n    \t\t\t\t\t\t\t\t\t<link rel=\"preload\" href=\"https:\/\/pvmarket.eu\/wp-content\/uploads\/2022\/05\/hyundai-s350sg-black-frame-350w-0-2-600x600-1-300x300.png\" as=\"image\" media=\"(max-width: 768px)\">\n    \n\t\t\t\t\t\t\t\t\t\t<img \n\t\t\t\t\t\t\t\t\t\t\tclass=\"slide__image__img\" \n\t\t\t\t\t\t\t\t\t\t\tsrc=\"https:\/\/pvmarket.eu\/wp-content\/uploads\/2022\/05\/hyundai-s350sg-black-frame-350w-0-2-600x600-1-300x300.png\" \n\t\t\t\t\t\t\t\t\t\t\tsrcset=\"https:\/\/pvmarket.eu\/wp-content\/uploads\/2022\/05\/hyundai-s350sg-black-frame-350w-0-2-600x600-1-300x300.png 300w, https:\/\/pvmarket.eu\/wp-content\/uploads\/2022\/05\/hyundai-s350sg-black-frame-350w-0-2-600x600-1-150x150.png 150w, https:\/\/pvmarket.eu\/wp-content\/uploads\/2022\/05\/hyundai-s350sg-black-frame-350w-0-2-600x600-1.png 600w\" \n\t\t\t\t\t\t\t\t\t\t\tsizes=\"(max-width: 768px) 80vw, 100vw\"\n\t\t\t\t\t\t\t\t\t\t\talt=\"Hyundai S350sg Black Frame 350w 0 2 600x600 1\">\n\t\t                                <div class=\"slide__content\">\n\t\t                                    <div>\n\t\t                                        <h2 class=\"size--xs\">Hyundai<\/h2>\n\t\t                                        <p>Leading manufacturer of shingle cell technology.<\/p>\n\t\t                                    <\/div>\n\t\t\t                                                                                <a href=\"https:\/\/pvmarket.eu\/en\/termekek\/hyundai\/\" class=\"btn btn-primary\">More information<\/a>\n\t\t\t                                \t\t                                <\/div>\n\t\t                            <\/div>\n\t\t                        <\/div>\n\t\t\t                \t\t\t\t\t\t\t\t\t\t\t\t\t\t\t                        <div class=\"slide\">\n\t\t                            <div class=\"slide__image\">\n\t\t\t\t\t\t\t\t\t\t\t\t\t\t\t\t\t\t\t\t\t\t\t\t\t\t\t\t\t\t<!-- Preload a k\u00f6zepes m\u00e9ret\u0171 k\u00e9pet mobilra -->\n    \t\t\t\t\t\t\t\t\t<link rel=\"preload\" href=\"https:\/\/pvmarket.eu\/wp-content\/uploads\/2022\/05\/01-000692_01-000692_Trina_Honey_M_TSM-375DE08M.08II-375_Wp_BFREVO2_01-300x300.jpg\" as=\"image\" media=\"(max-width: 768px)\">\n    \n\t\t\t\t\t\t\t\t\t\t<img \n\t\t\t\t\t\t\t\t\t\t\tclass=\"slide__image__img\" \n\t\t\t\t\t\t\t\t\t\t\tsrc=\"https:\/\/pvmarket.eu\/wp-content\/uploads\/2022\/05\/01-000692_01-000692_Trina_Honey_M_TSM-375DE08M.08II-375_Wp_BFREVO2_01-300x300.jpg\" \n\t\t\t\t\t\t\t\t\t\t\tsrcset=\"https:\/\/pvmarket.eu\/wp-content\/uploads\/2022\/05\/01-000692_01-000692_Trina_Honey_M_TSM-375DE08M.08II-375_Wp_BFREVO2_01-300x300.jpg 300w, https:\/\/pvmarket.eu\/wp-content\/uploads\/2022\/05\/01-000692_01-000692_Trina_Honey_M_TSM-375DE08M.08II-375_Wp_BFREVO2_01-150x150.jpg 150w, https:\/\/pvmarket.eu\/wp-content\/uploads\/2022\/05\/01-000692_01-000692_Trina_Honey_M_TSM-375DE08M.08II-375_Wp_BFREVO2_01.jpg 640w\" \n\t\t\t\t\t\t\t\t\t\t\tsizes=\"(max-width: 768px) 80vw, 100vw\"\n\t\t\t\t\t\t\t\t\t\t\talt=\"Napelem\">\n\t\t                                <div class=\"slide__content\">\n\t\t                                    <div>\n\t\t                                        <h2 class=\"size--xs\">Trina Solar <\/h2>\n\t\t                                        <p>Up to 21% module efficiency.<\/p>\n\t\t                                    <\/div>\n\t\t\t                                                                                <a href=\"https:\/\/pvmarket.eu\/en\/termekek\/trina-solar\/\" class=\"btn btn-primary\">More information<\/a>\n\t\t\t                                \t\t                                <\/div>\n\t\t                            <\/div>\n\t\t                        <\/div>\n\t\t\t                \t\t\t\t\t\t\t\t\t\t\t\t\t\t\t                        <div class=\"slide\">\n\t\t                            <div class=\"slide__image\">\n\t\t\t\t\t\t\t\t\t\t\t\t\t\t\t\t\t\t\t\t\t\t\t\t\t\t\t\t\t\t<!-- Preload a k\u00f6zepes m\u00e9ret\u0171 k\u00e9pet mobilra -->\n    \t\t\t\t\t\t\t\t\t<link rel=\"preload\" href=\"https:\/\/pvmarket.eu\/wp-content\/uploads\/2022\/05\/solarwatt-eco-120m-300x300.png\" as=\"image\" media=\"(max-width: 768px)\">\n    \n\t\t\t\t\t\t\t\t\t\t<img \n\t\t\t\t\t\t\t\t\t\t\tclass=\"slide__image__img\" \n\t\t\t\t\t\t\t\t\t\t\tsrc=\"https:\/\/pvmarket.eu\/wp-content\/uploads\/2022\/05\/solarwatt-eco-120m-300x300.png\" \n\t\t\t\t\t\t\t\t\t\t\tsrcset=\"https:\/\/pvmarket.eu\/wp-content\/uploads\/2022\/05\/solarwatt-eco-120m-300x300.png 300w, https:\/\/pvmarket.eu\/wp-content\/uploads\/2022\/05\/solarwatt-eco-120m-150x150.png 150w, https:\/\/pvmarket.eu\/wp-content\/uploads\/2022\/05\/solarwatt-eco-120m.png 500w\" \n\t\t\t\t\t\t\t\t\t\t\tsizes=\"(max-width: 768px) 80vw, 100vw\"\n\t\t\t\t\t\t\t\t\t\t\talt=\"SolarWatt napelem\">\n\t\t                                <div class=\"slide__content\">\n\t\t                                    <div>\n\t\t                                        <h2 class=\"size--xs\">SolarWatt <\/h2>\n\t\t                                        <p>Up to 30 years of product and performance (87%) warranty.<\/p>\n\t\t                                    <\/div>\n\t\t\t                                                                                <a href=\"https:\/\/pvmarket.eu\/en\/termekek\/solarwatt\/\" class=\"btn btn-primary\">More information<\/a>\n\t\t\t                                \t\t                                <\/div>\n\t\t                            <\/div>\n\t\t                        <\/div>\n\t\t\t                \t\t\t\t\t\t\t\t\t\t\t\t\t\t\t                        <div class=\"slide\">\n\t\t                            <div class=\"slide__image\">\n\t\t\t\t\t\t\t\t\t\t\t\t\t\t\t\t\t\t\t\t\t\t\t\t\t\t\t\t\t\t<!-- Preload a k\u00f6zepes m\u00e9ret\u0171 k\u00e9pet mobilra -->\n    \t\t\t\t\t\t\t\t\t<link rel=\"preload\" href=\"https:\/\/pvmarket.eu\/wp-content\/uploads\/2022\/09\/Longi_napelemek_web_hatterrel-300x300.jpg\" as=\"image\" media=\"(max-width: 768px)\">\n    \n\t\t\t\t\t\t\t\t\t\t<img \n\t\t\t\t\t\t\t\t\t\t\tclass=\"slide__image__img\" \n\t\t\t\t\t\t\t\t\t\t\tsrc=\"https:\/\/pvmarket.eu\/wp-content\/uploads\/2022\/09\/Longi_napelemek_web_hatterrel-300x300.jpg\" \n\t\t\t\t\t\t\t\t\t\t\tsrcset=\"https:\/\/pvmarket.eu\/wp-content\/uploads\/2022\/09\/Longi_napelemek_web_hatterrel-300x300.jpg 300w, https:\/\/pvmarket.eu\/wp-content\/uploads\/2022\/09\/Longi_napelemek_web_hatterrel-1024x1024.jpg 1024w, https:\/\/pvmarket.eu\/wp-content\/uploads\/2022\/09\/Longi_napelemek_web_hatterrel-150x150.jpg 150w, https:\/\/pvmarket.eu\/wp-content\/uploads\/2022\/09\/Longi_napelemek_web_hatterrel-768x768.jpg 768w, https:\/\/pvmarket.eu\/wp-content\/uploads\/2022\/09\/Longi_napelemek_web_hatterrel.jpg 1200w\" \n\t\t\t\t\t\t\t\t\t\t\tsizes=\"(max-width: 768px) 80vw, 100vw\"\n\t\t\t\t\t\t\t\t\t\t\talt=\"Longi Napelemek \">\n\t\t                                <div class=\"slide__content\">\n\t\t                                    <div>\n\t\t                                        <h2 class=\"size--xs\">LONGi<\/h2>\n\t\t                                        <p>Half-cut solar panels with improved PERC technology.<\/p>\n\t\t                                    <\/div>\n\t\t\t                                                                                <a href=\"https:\/\/pvmarket.eu\/en\/termekek\/longi-solar-panels\/\" class=\"btn btn-primary\">More information<\/a>\n\t\t\t                                \t\t                                <\/div>\n\t\t                            <\/div>\n\t\t                        <\/div>\n\t\t\t                \t\t\t\t\t\t\t\t\t        <\/div>\n\t\t\t    <\/div>\n\t\t\t<\/div>\n\t\t\t\t\t<\/div>\n\t<\/div>\n<\/section>\n\n\n\n<section class=\"text-block-container text-block-container--ul mt-xs\">\n    <div class=\"container-xl\">\n        <div class=\"row\">\n\n                        \n                        <div class=\"col-12\">\n                <h2 class=\"size--h1 text-left\">Do you have questions?<\/h2>\n            <\/div>\n                        \n            <div class=\"col-lg-6 order-1\">\n                                    <p>If you are interested in our current price list, don&#8217;t hesitate to contact us! Our expert colleagues will help you, whether it is a technical question or product availability.<\/p>\n<p>Contact us at <strong>+36\u00a070\u00a0598\u00a05607<\/strong>\u00a0or email<strong> <a href=\"mailto:export@wagnersolar.hu\" target=\"_blank\" rel=\"noopener\">export@wagnersolar.hu<\/a><\/strong><\/p>\n                                            <\/div>\n                        \t<div class=\"col-lg-5 d-flex ml-auto align-items-start order-2\">\n            \t\t<img decoding=\"async\" class=\"img-fluid border-radius ml-auto\" src=\"https:\/\/pvmarket.eu\/wp-content\/uploads\/2022\/05\/cooperation-analyst-chart-professional-paper-economics-scaled-1-768x512.jpg\" alt=\"Elemz\u0151\">\n            \t<\/div>\n                    <\/div>\n    <\/div>\n<\/section>","protected":false},"excerpt":{"rendered":"","protected":false},"author":3,"featured_media":0,"parent":0,"menu_order":0,"comment_status":"closed","ping_status":"closed","template":"","meta":{"_acf_changed":false,"inline_featured_image":false,"footnotes":""},"class_list":["post-3556","page","type-page","status-publish","hentry"],"acf":[],"yoast_head":"<!-- This site is optimized with the Yoast SEO plugin v27.2 - https:\/\/yoast.com\/product\/yoast-seo-wordpress\/ -->\n<title>Solar Panels - PVmarket<\/title>\n<meta name=\"description\" content=\"Quality, reliable solar modules with a 12-30 year warranty. If you are interested in our current price list, don\u2019t hesitate to contact us!\" \/>\n<meta name=\"robots\" content=\"index, follow, max-snippet:-1, max-image-preview:large, max-video-preview:-1\" \/>\n<link rel=\"canonical\" href=\"https:\/\/pvmarket.eu\/en\/solar-panels\/\" \/>\n<meta property=\"og:locale\" content=\"en_US\" \/>\n<meta property=\"og:type\" content=\"article\" \/>\n<meta property=\"og:title\" content=\"Solar Panels\" \/>\n<meta property=\"og:description\" content=\"Quality, reliable solar modules with a 12-30 year warranty. If you are interested in our current price list, don\u2019t hesitate to contact us!\" \/>\n<meta property=\"og:url\" content=\"https:\/\/pvmarket.eu\/en\/solar-panels\/\" \/>\n<meta property=\"og:site_name\" content=\"PVmarket\" \/>\n<meta property=\"article:modified_time\" content=\"2024-04-18T21:45:06+00:00\" \/>\n<meta property=\"og:image\" content=\"https:\/\/pvmarket.eu\/wp-content\/uploads\/2022\/05\/web_dreamstime_244496732-1.jpg\" \/>\n\t<meta property=\"og:image:width\" content=\"1000\" \/>\n\t<meta property=\"og:image:height\" content=\"665\" \/>\n\t<meta property=\"og:image:type\" content=\"image\/jpeg\" \/>\n<meta name=\"twitter:card\" content=\"summary_large_image\" \/>\n<meta name=\"twitter:title\" content=\"Solar Panels\" \/>\n<meta name=\"twitter:description\" content=\"Quality, reliable solar modules with a 12-30 year warranty. If you are interested in our current price list, don\u2019t hesitate to contact us!\" \/>\n<meta name=\"twitter:image\" content=\"https:\/\/pvmarket.eu\/wp-content\/uploads\/2022\/05\/web_dreamstime_244496732-1.jpg\" \/>\n<script type=\"application\/ld+json\" class=\"yoast-schema-graph\">{\"@context\":\"https:\/\/schema.org\",\"@graph\":[{\"@type\":\"WebPage\",\"@id\":\"https:\/\/pvmarket.eu\/en\/solar-panels\/\",\"url\":\"https:\/\/pvmarket.eu\/en\/solar-panels\/\",\"name\":\"Solar Panels - PVmarket\",\"isPartOf\":{\"@id\":\"https:\/\/pvmarket.eu\/#website\"},\"datePublished\":\"2022-05-27T05:38:21+00:00\",\"dateModified\":\"2024-04-18T21:45:06+00:00\",\"description\":\"Quality, reliable solar modules with a 12-30 year warranty. If you are interested in our current price list, don\u2019t hesitate to contact us!\",\"breadcrumb\":{\"@id\":\"https:\/\/pvmarket.eu\/en\/solar-panels\/#breadcrumb\"},\"inLanguage\":\"en-US\",\"potentialAction\":[{\"@type\":\"ReadAction\",\"target\":[\"https:\/\/pvmarket.eu\/en\/solar-panels\/\"]}]},{\"@type\":\"BreadcrumbList\",\"@id\":\"https:\/\/pvmarket.eu\/en\/solar-panels\/#breadcrumb\",\"itemListElement\":[{\"@type\":\"ListItem\",\"position\":1,\"name\":\"Kezd\u0151lap\",\"item\":\"https:\/\/pvmarket.eu\/en\/\"},{\"@type\":\"ListItem\",\"position\":2,\"name\":\"Solar Panels\"}]},{\"@type\":\"WebSite\",\"@id\":\"https:\/\/pvmarket.eu\/#website\",\"url\":\"https:\/\/pvmarket.eu\/\",\"name\":\"PVmarket\",\"description\":\"Napelem nagykereskedelem viszontelad\u00f3knak\",\"potentialAction\":[{\"@type\":\"SearchAction\",\"target\":{\"@type\":\"EntryPoint\",\"urlTemplate\":\"https:\/\/pvmarket.eu\/?s={search_term_string}\"},\"query-input\":{\"@type\":\"PropertyValueSpecification\",\"valueRequired\":true,\"valueName\":\"search_term_string\"}}],\"inLanguage\":\"en-US\"}]}<\/script>\n<!-- \/ Yoast SEO plugin. -->","yoast_head_json":{"title":"Solar Panels - PVmarket","description":"Quality, reliable solar modules with a 12-30 year warranty. If you are interested in our current price list, don\u2019t hesitate to contact us!","robots":{"index":"index","follow":"follow","max-snippet":"max-snippet:-1","max-image-preview":"max-image-preview:large","max-video-preview":"max-video-preview:-1"},"canonical":"https:\/\/pvmarket.eu\/en\/solar-panels\/","og_locale":"en_US","og_type":"article","og_title":"Solar Panels","og_description":"Quality, reliable solar modules with a 12-30 year warranty. If you are interested in our current price list, don\u2019t hesitate to contact us!","og_url":"https:\/\/pvmarket.eu\/en\/solar-panels\/","og_site_name":"PVmarket","article_modified_time":"2024-04-18T21:45:06+00:00","og_image":[{"width":1000,"height":665,"url":"https:\/\/pvmarket.eu\/wp-content\/uploads\/2022\/05\/web_dreamstime_244496732-1.jpg","type":"image\/jpeg"}],"twitter_card":"summary_large_image","twitter_title":"Solar Panels","twitter_description":"Quality, reliable solar modules with a 12-30 year warranty. If you are interested in our current price list, don\u2019t hesitate to contact us!","twitter_image":"https:\/\/pvmarket.eu\/wp-content\/uploads\/2022\/05\/web_dreamstime_244496732-1.jpg","schema":{"@context":"https:\/\/schema.org","@graph":[{"@type":"WebPage","@id":"https:\/\/pvmarket.eu\/en\/solar-panels\/","url":"https:\/\/pvmarket.eu\/en\/solar-panels\/","name":"Solar Panels - PVmarket","isPartOf":{"@id":"https:\/\/pvmarket.eu\/#website"},"datePublished":"2022-05-27T05:38:21+00:00","dateModified":"2024-04-18T21:45:06+00:00","description":"Quality, reliable solar modules with a 12-30 year warranty. If you are interested in our current price list, don\u2019t hesitate to contact us!","breadcrumb":{"@id":"https:\/\/pvmarket.eu\/en\/solar-panels\/#breadcrumb"},"inLanguage":"en-US","potentialAction":[{"@type":"ReadAction","target":["https:\/\/pvmarket.eu\/en\/solar-panels\/"]}]},{"@type":"BreadcrumbList","@id":"https:\/\/pvmarket.eu\/en\/solar-panels\/#breadcrumb","itemListElement":[{"@type":"ListItem","position":1,"name":"Kezd\u0151lap","item":"https:\/\/pvmarket.eu\/en\/"},{"@type":"ListItem","position":2,"name":"Solar Panels"}]},{"@type":"WebSite","@id":"https:\/\/pvmarket.eu\/#website","url":"https:\/\/pvmarket.eu\/","name":"PVmarket","description":"Napelem nagykereskedelem viszontelad\u00f3knak","potentialAction":[{"@type":"SearchAction","target":{"@type":"EntryPoint","urlTemplate":"https:\/\/pvmarket.eu\/?s={search_term_string}"},"query-input":{"@type":"PropertyValueSpecification","valueRequired":true,"valueName":"search_term_string"}}],"inLanguage":"en-US"}]}},"_links":{"self":[{"href":"https:\/\/pvmarket.eu\/en\/wp-json\/wp\/v2\/pages\/3556","targetHints":{"allow":["GET"]}}],"collection":[{"href":"https:\/\/pvmarket.eu\/en\/wp-json\/wp\/v2\/pages"}],"about":[{"href":"https:\/\/pvmarket.eu\/en\/wp-json\/wp\/v2\/types\/page"}],"author":[{"embeddable":true,"href":"https:\/\/pvmarket.eu\/en\/wp-json\/wp\/v2\/users\/3"}],"replies":[{"embeddable":true,"href":"https:\/\/pvmarket.eu\/en\/wp-json\/wp\/v2\/comments?post=3556"}],"version-history":[{"count":23,"href":"https:\/\/pvmarket.eu\/en\/wp-json\/wp\/v2\/pages\/3556\/revisions"}],"predecessor-version":[{"id":4608,"href":"https:\/\/pvmarket.eu\/en\/wp-json\/wp\/v2\/pages\/3556\/revisions\/4608"}],"wp:attachment":[{"href":"https:\/\/pvmarket.eu\/en\/wp-json\/wp\/v2\/media?parent=3556"}],"curies":[{"name":"wp","href":"https:\/\/api.w.org\/{rel}","templated":true}]}}