{"id":3923,"date":"2022-06-30T13:50:34","date_gmt":"2022-06-30T11:50:34","guid":{"rendered":"https:\/\/pvmarket.eu\/?page_id=3923"},"modified":"2024-02-16T11:18:12","modified_gmt":"2024-02-16T10:18:12","slug":"fronius","status":"publish","type":"page","link":"https:\/\/pvmarket.eu\/en\/fronius\/","title":{"rendered":"Fronius"},"content":{"rendered":"\n<!--  OG Image magic -->\n<img decoding=\"async\" style=\"width: 0; height: 0; position: absolute; pointer-events: none; display:none;\" src=\"https:\/\/pvmarket.eu\/wp-content\/uploads\/2022\/05\/digital-tools-overview-169.jpg\" alt=\"\">\n<section class=\"cover cover--xs closed-z-index\" style=\"background-image: url(https:\/\/pvmarket.eu\/wp-content\/uploads\/2022\/05\/digital-tools-overview-169.jpg)\">\n    <div class=\"container-xl\">\n        <div class=\"row\">\n            <div class=\"col-md-5\">\n                <div class=\"cover--xs__text primary-block\">\n                    <h1 >Fronius<\/h1>\n                    <p>Fronius inverters and EV chargers<\/p>\n                <\/div>\n            <\/div>\n        <\/div>\n    <\/div>\n<\/section>\n\n<!-- BLOCK SEPARATOR -->\n\n\n<section class=\"text-block-container text-block-container--ul mt-xs\">\n    <div class=\"container-xl\">\n        <div class=\"row\">\n\n                        \n                        <div class=\"col-12\">\n                <h2 class=\"size--h1 text-left\">RELIABLE PARTNER IN THE SOLAR INDUSTRY<\/h2>\n            <\/div>\n                        \n            <div class=\"col-lg-6 order-1\">\n                                    <p>As a global technology and quality leader, the 3 pillars \u2013 battery charging systems, welding technology and solar systems \u2013 provide a solid and broad foundation for the company.<\/p>\n<p>The three businesses cover many areas, which gives the company strength and stability.<\/p>\n<p>At the heart of their activities:<\/p>\n<ul>\n<li>sustainable and healthy growth and<\/li>\n<li>the excellent quality and<\/li>\n<li>responsible use of resources.<\/li>\n<\/ul>\n                                            <\/div>\n                        \t<div class=\"col-lg-5 d-flex ml-auto align-items-start order-2\">\n            \t\t<img decoding=\"async\" class=\"img-fluid border-radius ml-auto\" src=\"https:\/\/pvmarket.eu\/wp-content\/uploads\/2022\/06\/Fronius_logo-768x212.png\" alt=\"Fronius\">\n            \t<\/div>\n                    <\/div>\n    <\/div>\n<\/section>\n\n<section>\n\t<div class=\"container-xl\">\n\t\t<div class=\"row justify-content-center\">\n            <div class=\"col-12 text-center mt-3 mb-0\">\n                <h2 class=\"size--h1--xs mb-0\">Our Fronius inverters<\/h2>\n            <\/div>\n            \n\t\t\t\t\t\t<div class=\"col-12\">\n\t\t\t\t\t\t\t    <div class=\"tile-slider-container tile-slider-container--triple\">\n\t\t\t\t\t<img decoding=\"async\" class=\"arrow arrow--left \" src=\"https:\/\/pvmarket.eu\/wp-content\/themes\/wagner\/assets\/img\/svg\/arrow-left.svg\">\n\t\t\t\t\t<img decoding=\"async\" class=\"arrow arrow--right \" src=\"https:\/\/pvmarket.eu\/wp-content\/themes\/wagner\/assets\/img\/svg\/arrow-right.svg\">\n\t\t\t        <div class=\"slider-container\">\n\t\t\t\t\t\t\t\t\t\t\t\t\t\t\t                        <div class=\"slide\">\n\t\t                            <div class=\"slide__image\">\n\t\t\t\t\t\t\t\t\t\t\t\t\t\t\t\t\t\t\t\t\t\t\t\t\t\t\t\t\t\t<!-- Preload a k\u00f6zepes m\u00e9ret\u0171 k\u00e9pet mobilra -->\n    \t\t\t\t\t\t\t\t\t<link rel=\"preload\" href=\"https:\/\/pvmarket.eu\/wp-content\/uploads\/2022\/06\/Fronius-Primo-inverter-300x300.png\" as=\"image\" media=\"(max-width: 768px)\">\n    \n\t\t\t\t\t\t\t\t\t\t<img \n\t\t\t\t\t\t\t\t\t\t\tclass=\"slide__image__img\" \n\t\t\t\t\t\t\t\t\t\t\tsrc=\"https:\/\/pvmarket.eu\/wp-content\/uploads\/2022\/06\/Fronius-Primo-inverter-300x300.png\" \n\t\t\t\t\t\t\t\t\t\t\tsrcset=\"https:\/\/pvmarket.eu\/wp-content\/uploads\/2022\/06\/Fronius-Primo-inverter-300x300.png 300w, https:\/\/pvmarket.eu\/wp-content\/uploads\/2022\/06\/Fronius-Primo-inverter-150x150.png 150w, https:\/\/pvmarket.eu\/wp-content\/uploads\/2022\/06\/Fronius-Primo-inverter-768x768.png 768w, https:\/\/pvmarket.eu\/wp-content\/uploads\/2022\/06\/Fronius-Primo-inverter.png 866w\" \n\t\t\t\t\t\t\t\t\t\t\tsizes=\"(max-width: 768px) 80vw, 100vw\"\n\t\t\t\t\t\t\t\t\t\t\talt=\"Fronius Primo Inverter\">\n\t\t                                <div class=\"slide__content\">\n\t\t                                    <div>\n\t\t                                        <h2 class=\"size--xs\">Fronius Primo<\/h2>\n\t\t                                        <p>Compact single-phase inverter for residential and small-scale commercial applications with power categories from 3.8 to 8.2 kW<\/p>\n\t\t                                    <\/div>\n\t\t\t                                                                                <a href=\"https:\/\/pvmarket.eu\/en\/termekek\/fronius-primo-solar-inverters\/\" class=\"btn btn-primary\">R\u00e9szletek<\/a>\n\t\t\t                                \t\t                                <\/div>\n\t\t                            <\/div>\n\t\t                        <\/div>\n\t\t\t                \t\t\t\t\t\t\t\t\t\t\t\t\t\t\t                        <div class=\"slide\">\n\t\t                            <div class=\"slide__image\">\n\t\t\t\t\t\t\t\t\t\t\t\t\t\t\t\t\t\t\t\t\t\t\t\t\t\t\t\t\t\t<!-- Preload a k\u00f6zepes m\u00e9ret\u0171 k\u00e9pet mobilra -->\n    \t\t\t\t\t\t\t\t\t<link rel=\"preload\" href=\"https:\/\/pvmarket.eu\/wp-content\/uploads\/2022\/06\/Fronius-Symo-inverter-300x300.png\" as=\"image\" media=\"(max-width: 768px)\">\n    \n\t\t\t\t\t\t\t\t\t\t<img \n\t\t\t\t\t\t\t\t\t\t\tclass=\"slide__image__img\" \n\t\t\t\t\t\t\t\t\t\t\tsrc=\"https:\/\/pvmarket.eu\/wp-content\/uploads\/2022\/06\/Fronius-Symo-inverter-300x300.png\" \n\t\t\t\t\t\t\t\t\t\t\tsrcset=\"https:\/\/pvmarket.eu\/wp-content\/uploads\/2022\/06\/Fronius-Symo-inverter-300x300.png 300w, https:\/\/pvmarket.eu\/wp-content\/uploads\/2022\/06\/Fronius-Symo-inverter-150x150.png 150w, https:\/\/pvmarket.eu\/wp-content\/uploads\/2022\/06\/Fronius-Symo-inverter-768x768.png 768w, https:\/\/pvmarket.eu\/wp-content\/uploads\/2022\/06\/Fronius-Symo-inverter.png 866w\" \n\t\t\t\t\t\t\t\t\t\t\tsizes=\"(max-width: 768px) 80vw, 100vw\"\n\t\t\t\t\t\t\t\t\t\t\talt=\"Fronius Symo inverter\">\n\t\t                                <div class=\"slide__content\">\n\t\t                                    <div>\n\t\t                                        <h2 class=\"size--xs\">Fronius Symo<\/h2>\n\t\t                                        <p> Boasting power categories ranging from 3.0 to 20.0 kW, the transformerless Fronius Symo is the three-phase inverter for systems of every size.<\/p>\n\t\t                                    <\/div>\n\t\t\t                                                                                <a href=\"https:\/\/pvmarket.eu\/en\/termekek\/fronius-symo-solar-inverters\/\" class=\"btn btn-primary\">R\u00e9szletek<\/a>\n\t\t\t                                \t\t                                <\/div>\n\t\t                            <\/div>\n\t\t                        <\/div>\n\t\t\t                \t\t\t\t\t\t\t\t\t\t\t\t\t\t\t                        <div class=\"slide\">\n\t\t                            <div class=\"slide__image\">\n\t\t\t\t\t\t\t\t\t\t\t\t\t\t\t\t\t\t\t\t\t\t\t\t\t\t\t\t\t\t<!-- Preload a k\u00f6zepes m\u00e9ret\u0171 k\u00e9pet mobilra -->\n    \t\t\t\t\t\t\t\t\t<link rel=\"preload\" href=\"https:\/\/pvmarket.eu\/wp-content\/uploads\/2022\/06\/Fronius-Eco-Inverter-300x300.png\" as=\"image\" media=\"(max-width: 768px)\">\n    \n\t\t\t\t\t\t\t\t\t\t<img \n\t\t\t\t\t\t\t\t\t\t\tclass=\"slide__image__img\" \n\t\t\t\t\t\t\t\t\t\t\tsrc=\"https:\/\/pvmarket.eu\/wp-content\/uploads\/2022\/06\/Fronius-Eco-Inverter-300x300.png\" \n\t\t\t\t\t\t\t\t\t\t\tsrcset=\"https:\/\/pvmarket.eu\/wp-content\/uploads\/2022\/06\/Fronius-Eco-Inverter-300x300.png 300w, https:\/\/pvmarket.eu\/wp-content\/uploads\/2022\/06\/Fronius-Eco-Inverter-150x150.png 150w, https:\/\/pvmarket.eu\/wp-content\/uploads\/2022\/06\/Fronius-Eco-Inverter-768x768.png 768w, https:\/\/pvmarket.eu\/wp-content\/uploads\/2022\/06\/Fronius-Eco-Inverter.png 866w\" \n\t\t\t\t\t\t\t\t\t\t\tsizes=\"(max-width: 768px) 80vw, 100vw\"\n\t\t\t\t\t\t\t\t\t\t\talt=\"Fronius Eco Inverter\">\n\t\t                                <div class=\"slide__content\">\n\t\t                                    <div>\n\t\t                                        <h2 class=\"size--xs\">Fronius ECO<\/h2>\n\t\t                                        <p>The three-phase Fronius Eco in power categories 25.0 and 27.0 kW perfectly meets all the requirements of large-scale installations. <\/p>\n\t\t                                    <\/div>\n\t\t\t                                                                                <a href=\"https:\/\/pvmarket.eu\/en\/termekek\/fronius-eco-solar-inverters\/\" class=\"btn btn-primary\">R\u00e9szletek<\/a>\n\t\t\t                                \t\t                                <\/div>\n\t\t                            <\/div>\n\t\t                        <\/div>\n\t\t\t                \t\t\t\t\t\t\t\t\t\t\t\t\t\t\t                        <div class=\"slide\">\n\t\t                            <div class=\"slide__image\">\n\t\t\t\t\t\t\t\t\t\t\t\t\t\t\t\t\t\t\t\t\t\t\t\t\t\t\t\t\t\t<!-- Preload a k\u00f6zepes m\u00e9ret\u0171 k\u00e9pet mobilra -->\n    \t\t\t\t\t\t\t\t\t<link rel=\"preload\" href=\"https:\/\/pvmarket.eu\/wp-content\/uploads\/2022\/06\/Symo-Gen24-Hibrid-Inverter-300x300.png\" as=\"image\" media=\"(max-width: 768px)\">\n    \n\t\t\t\t\t\t\t\t\t\t<img \n\t\t\t\t\t\t\t\t\t\t\tclass=\"slide__image__img\" \n\t\t\t\t\t\t\t\t\t\t\tsrc=\"https:\/\/pvmarket.eu\/wp-content\/uploads\/2022\/06\/Symo-Gen24-Hibrid-Inverter-300x300.png\" \n\t\t\t\t\t\t\t\t\t\t\tsrcset=\"https:\/\/pvmarket.eu\/wp-content\/uploads\/2022\/06\/Symo-Gen24-Hibrid-Inverter-300x300.png 300w, https:\/\/pvmarket.eu\/wp-content\/uploads\/2022\/06\/Symo-Gen24-Hibrid-Inverter-150x150.png 150w, https:\/\/pvmarket.eu\/wp-content\/uploads\/2022\/06\/Symo-Gen24-Hibrid-Inverter-768x768.png 768w, https:\/\/pvmarket.eu\/wp-content\/uploads\/2022\/06\/Symo-Gen24-Hibrid-Inverter.png 866w\" \n\t\t\t\t\t\t\t\t\t\t\tsizes=\"(max-width: 768px) 80vw, 100vw\"\n\t\t\t\t\t\t\t\t\t\t\talt=\"Symo Gen24 Hibrid Inverter\">\n\t\t                                <div class=\"slide__content\">\n\t\t                                    <div>\n\t\t                                        <h2 class=\"size--xs\">Fronius GEN24 Plus<\/h2>\n\t\t                                        <p>Power categories of between 3 and 10 kW, is the ideal hybrid inverter for private households. With many features as standard covers all customer requirements. <\/p>\n\t\t                                    <\/div>\n\t\t\t                                                                                <a href=\"https:\/\/pvmarket.eu\/en\/se_ds_fronius_symo_gen24_plus_en\/\" class=\"btn btn-primary\">R\u00e9szletek<\/a>\n\t\t\t                                \t\t                                <\/div>\n\t\t                            <\/div>\n\t\t                        <\/div>\n\t\t\t                \t\t\t\t\t\t\t\t\t        <\/div>\n\t\t\t    <\/div>\n\t\t\t<\/div>\n\t\t\t\t\t<\/div>\n\t<\/div>\n<\/section>\n\n\n\n<section class=\"text-block-container text-block-container--ul mt-xs\">\n    <div class=\"container-xl\">\n        <div class=\"row\">\n\n                        \n                        <div class=\"col-12\">\n                <h2 class=\"size--h1 text-left\">Fronius EV charger<\/h2>\n            <\/div>\n                        \n            <div class=\"col-lg-6 order-1\">\n                                    <p>Fronius Wattpilot Home for home use, Wattpilot Go for both home and travel is an intelligent solution.<\/p>\n                                                                        <a class=\"btn btn-primary mt-4 mb-5 mb-md-0\" href=\"https:\/\/pvmarket.eu\/wp-content\/uploads\/2022\/05\/SE_DS_Fronius_Wattpilot_HU.pdf\" target=\"\">More information<\/a>\n                            <\/div>\n                        \t<div class=\"col-lg-5 d-flex ml-auto align-items-start order-2\">\n            \t\t<img decoding=\"async\" class=\"img-fluid border-radius ml-auto\" src=\"https:\/\/pvmarket.eu\/wp-content\/uploads\/2022\/05\/wattpilot-rfid-chip-169-768x432.jpg\" alt=\"Fronius elektromos aut\u00f3 t\u00f6lt\u0151\">\n            \t<\/div>\n                    <\/div>\n    <\/div>\n<\/section>\n\n\n<section class=\"text-block-container text-block-container--ul mt-xs\">\n    <div class=\"container-xl\">\n        <div class=\"row\">\n\n                        \n                        <div class=\"col-12\">\n                <h2 class=\"size--h1 text-left\">Do you have questions?<\/h2>\n            <\/div>\n                        \n            <div class=\"col-lg-6 order-1\">\n                                    <p>If you are interested in our current price list, don&#8217;t hesitate to contact us! Our expert colleagues will help you, whether it is a technical question or product availability.<\/p>\n<p>Contact us at <strong>+36\u00a070\u00a0598\u00a05607<\/strong>\u00a0or email<strong> <a href=\"mailto:export@wagnersolar.hu\" target=\"_blank\" rel=\"noopener\">export@wagnersolar.hu<\/a><\/strong><\/p>\n                                            <\/div>\n                        \t<div class=\"col-lg-5 d-flex ml-auto align-items-start order-2\">\n            \t\t<img decoding=\"async\" class=\"img-fluid border-radius ml-auto\" src=\"https:\/\/pvmarket.eu\/wp-content\/uploads\/2022\/05\/cooperation-analyst-chart-professional-paper-economics-scaled-1-768x512.jpg\" alt=\"Elemz\u0151\">\n            \t<\/div>\n                    <\/div>\n    <\/div>\n<\/section>","protected":false},"excerpt":{"rendered":"","protected":false},"author":3,"featured_media":0,"parent":0,"menu_order":0,"comment_status":"closed","ping_status":"closed","template":"","meta":{"_acf_changed":false,"inline_featured_image":false,"footnotes":""},"class_list":["post-3923","page","type-page","status-publish","hentry"],"acf":[],"yoast_head":"<!-- This site is optimized with the Yoast SEO plugin v27.2 - https:\/\/yoast.com\/product\/yoast-seo-wordpress\/ -->\n<title>Fronius - PVmarket<\/title>\n<meta name=\"description\" content=\"Fronius inverters and EV chargers. Our expert colleagues will help you, whether it is a technical question or product availability.\" \/>\n<meta name=\"robots\" content=\"index, follow, max-snippet:-1, max-image-preview:large, max-video-preview:-1\" \/>\n<link rel=\"canonical\" href=\"https:\/\/pvmarket.eu\/en\/fronius\/\" \/>\n<meta property=\"og:locale\" content=\"en_US\" \/>\n<meta property=\"og:type\" content=\"article\" \/>\n<meta property=\"og:title\" content=\"Fronius - PVmarket\" \/>\n<meta property=\"og:description\" content=\"Fronius inverters and EV chargers. Our expert colleagues will help you, whether it is a technical question or product availability.\" \/>\n<meta property=\"og:url\" content=\"https:\/\/pvmarket.eu\/en\/fronius\/\" \/>\n<meta property=\"og:site_name\" content=\"PVmarket\" \/>\n<meta property=\"article:modified_time\" content=\"2024-02-16T10:18:12+00:00\" \/>\n<meta name=\"twitter:card\" content=\"summary_large_image\" \/>\n<script type=\"application\/ld+json\" class=\"yoast-schema-graph\">{\"@context\":\"https:\/\/schema.org\",\"@graph\":[{\"@type\":\"WebPage\",\"@id\":\"https:\/\/pvmarket.eu\/en\/fronius\/\",\"url\":\"https:\/\/pvmarket.eu\/en\/fronius\/\",\"name\":\"Fronius - PVmarket\",\"isPartOf\":{\"@id\":\"https:\/\/pvmarket.eu\/#website\"},\"datePublished\":\"2022-06-30T11:50:34+00:00\",\"dateModified\":\"2024-02-16T10:18:12+00:00\",\"description\":\"Fronius inverters and EV chargers. Our expert colleagues will help you, whether it is a technical question or product availability.\",\"breadcrumb\":{\"@id\":\"https:\/\/pvmarket.eu\/en\/fronius\/#breadcrumb\"},\"inLanguage\":\"en-US\",\"potentialAction\":[{\"@type\":\"ReadAction\",\"target\":[\"https:\/\/pvmarket.eu\/en\/fronius\/\"]}]},{\"@type\":\"BreadcrumbList\",\"@id\":\"https:\/\/pvmarket.eu\/en\/fronius\/#breadcrumb\",\"itemListElement\":[{\"@type\":\"ListItem\",\"position\":1,\"name\":\"Kezd\u0151lap\",\"item\":\"https:\/\/pvmarket.eu\/en\/\"},{\"@type\":\"ListItem\",\"position\":2,\"name\":\"Fronius\"}]},{\"@type\":\"WebSite\",\"@id\":\"https:\/\/pvmarket.eu\/#website\",\"url\":\"https:\/\/pvmarket.eu\/\",\"name\":\"PVmarket\",\"description\":\"Napelem nagykereskedelem viszontelad\u00f3knak\",\"potentialAction\":[{\"@type\":\"SearchAction\",\"target\":{\"@type\":\"EntryPoint\",\"urlTemplate\":\"https:\/\/pvmarket.eu\/?s={search_term_string}\"},\"query-input\":{\"@type\":\"PropertyValueSpecification\",\"valueRequired\":true,\"valueName\":\"search_term_string\"}}],\"inLanguage\":\"en-US\"}]}<\/script>\n<!-- \/ Yoast SEO plugin. -->","yoast_head_json":{"title":"Fronius - PVmarket","description":"Fronius inverters and EV chargers. Our expert colleagues will help you, whether it is a technical question or product availability.","robots":{"index":"index","follow":"follow","max-snippet":"max-snippet:-1","max-image-preview":"max-image-preview:large","max-video-preview":"max-video-preview:-1"},"canonical":"https:\/\/pvmarket.eu\/en\/fronius\/","og_locale":"en_US","og_type":"article","og_title":"Fronius - PVmarket","og_description":"Fronius inverters and EV chargers. Our expert colleagues will help you, whether it is a technical question or product availability.","og_url":"https:\/\/pvmarket.eu\/en\/fronius\/","og_site_name":"PVmarket","article_modified_time":"2024-02-16T10:18:12+00:00","twitter_card":"summary_large_image","schema":{"@context":"https:\/\/schema.org","@graph":[{"@type":"WebPage","@id":"https:\/\/pvmarket.eu\/en\/fronius\/","url":"https:\/\/pvmarket.eu\/en\/fronius\/","name":"Fronius - PVmarket","isPartOf":{"@id":"https:\/\/pvmarket.eu\/#website"},"datePublished":"2022-06-30T11:50:34+00:00","dateModified":"2024-02-16T10:18:12+00:00","description":"Fronius inverters and EV chargers. Our expert colleagues will help you, whether it is a technical question or product availability.","breadcrumb":{"@id":"https:\/\/pvmarket.eu\/en\/fronius\/#breadcrumb"},"inLanguage":"en-US","potentialAction":[{"@type":"ReadAction","target":["https:\/\/pvmarket.eu\/en\/fronius\/"]}]},{"@type":"BreadcrumbList","@id":"https:\/\/pvmarket.eu\/en\/fronius\/#breadcrumb","itemListElement":[{"@type":"ListItem","position":1,"name":"Kezd\u0151lap","item":"https:\/\/pvmarket.eu\/en\/"},{"@type":"ListItem","position":2,"name":"Fronius"}]},{"@type":"WebSite","@id":"https:\/\/pvmarket.eu\/#website","url":"https:\/\/pvmarket.eu\/","name":"PVmarket","description":"Napelem nagykereskedelem viszontelad\u00f3knak","potentialAction":[{"@type":"SearchAction","target":{"@type":"EntryPoint","urlTemplate":"https:\/\/pvmarket.eu\/?s={search_term_string}"},"query-input":{"@type":"PropertyValueSpecification","valueRequired":true,"valueName":"search_term_string"}}],"inLanguage":"en-US"}]}},"_links":{"self":[{"href":"https:\/\/pvmarket.eu\/en\/wp-json\/wp\/v2\/pages\/3923","targetHints":{"allow":["GET"]}}],"collection":[{"href":"https:\/\/pvmarket.eu\/en\/wp-json\/wp\/v2\/pages"}],"about":[{"href":"https:\/\/pvmarket.eu\/en\/wp-json\/wp\/v2\/types\/page"}],"author":[{"embeddable":true,"href":"https:\/\/pvmarket.eu\/en\/wp-json\/wp\/v2\/users\/3"}],"replies":[{"embeddable":true,"href":"https:\/\/pvmarket.eu\/en\/wp-json\/wp\/v2\/comments?post=3923"}],"version-history":[{"count":11,"href":"https:\/\/pvmarket.eu\/en\/wp-json\/wp\/v2\/pages\/3923\/revisions"}],"predecessor-version":[{"id":3949,"href":"https:\/\/pvmarket.eu\/en\/wp-json\/wp\/v2\/pages\/3923\/revisions\/3949"}],"wp:attachment":[{"href":"https:\/\/pvmarket.eu\/en\/wp-json\/wp\/v2\/media?parent=3923"}],"curies":[{"name":"wp","href":"https:\/\/api.w.org\/{rel}","templated":true}]}}