{"id":4363,"date":"2022-05-17T10:37:54","date_gmt":"2022-05-17T08:37:54","guid":{"rendered":"https:\/\/pvmarket.eu\/?page_id=4363"},"modified":"2024-04-18T23:50:30","modified_gmt":"2024-04-18T21:50:30","slug":"schletter-mounting-systems","status":"publish","type":"page","link":"https:\/\/pvmarket.eu\/en\/schletter-mounting-systems\/","title":{"rendered":"Schletter Mounting systems"},"content":{"rendered":"\n<!--  OG Image magic -->\n<img decoding=\"async\" style=\"width: 0; height: 0; position: absolute; pointer-events: none; display:none;\" src=\"https:\/\/pvmarket.eu\/wp-content\/uploads\/2022\/06\/sarisap-napelem-referencia.jpg\" alt=\"\">\n<section class=\"cover cover--xs closed-z-index\" style=\"background-image: url(https:\/\/pvmarket.eu\/wp-content\/uploads\/2022\/06\/sarisap-napelem-referencia.jpg)\">\n    <div class=\"container-xl\">\n        <div class=\"row\">\n            <div class=\"col-md-5\">\n                <div class=\"cover--xs__text primary-block\">\n                    <h1 class=\"smaller\">Schletter Mounting systems<\/h1>\n                    <p>Premium solutions for almost any surface<\/p>\n                <\/div>\n            <\/div>\n        <\/div>\n    <\/div>\n<\/section>\n\n<!-- BLOCK SEPARATOR -->\n\n<section>\n\t<div class=\"container-xl\">\n\t\t<div class=\"row justify-content-center\">\n            <div class=\"col-12 text-center mt-3 mb-3\">\n                <h2 class=\"size--h1--xs \">Schletter mounting system solutions<\/h2>\n            <\/div>\n            \t            <div class=\"col-md-9 col-lg-8 text-center\">\n\t                <p>The mounting system is the basis of the solar panel system. For the sake of durability (30-40 years), it is important that the solar panels are installed by professionals on a high-quality aluminum structure. The Schletter products are made in Germany. <\/p>\n\t            <\/div>\n\t        \n\t\t\t\t\t\t<div class=\"col-12\">\n\t\t\t\t\t\t\t    <div class=\"tile-slider-container tile-slider-container--triple\">\n\t\t\t\t\t<img decoding=\"async\" class=\"arrow arrow--left \" src=\"https:\/\/pvmarket.eu\/wp-content\/themes\/wagner\/assets\/img\/svg\/arrow-left.svg\">\n\t\t\t\t\t<img decoding=\"async\" class=\"arrow arrow--right \" src=\"https:\/\/pvmarket.eu\/wp-content\/themes\/wagner\/assets\/img\/svg\/arrow-right.svg\">\n\t\t\t        <div class=\"slider-container\">\n\t\t\t\t\t\t\t\t\t\t\t\t\t\t\t                        <div class=\"slide\">\n\t\t                            <div class=\"slide__image\">\n\t\t\t\t\t\t\t\t\t\t\t\t\t\t\t\t\t\t\t\t\t\t\t\t\t\t\t\t\t\t<!-- Preload a k\u00f6zepes m\u00e9ret\u0171 k\u00e9pet mobilra -->\n    \t\t\t\t\t\t\t\t\t<link rel=\"preload\" href=\"https:\/\/pvmarket.eu\/wp-content\/uploads\/2022\/05\/47888280-m-1024x683-1-300x200.jpg\" as=\"image\" media=\"(max-width: 768px)\">\n    \n\t\t\t\t\t\t\t\t\t\t<img \n\t\t\t\t\t\t\t\t\t\t\tclass=\"slide__image__img\" \n\t\t\t\t\t\t\t\t\t\t\tsrc=\"https:\/\/pvmarket.eu\/wp-content\/uploads\/2022\/05\/47888280-m-1024x683-1-300x200.jpg\" \n\t\t\t\t\t\t\t\t\t\t\tsrcset=\"https:\/\/pvmarket.eu\/wp-content\/uploads\/2022\/05\/47888280-m-1024x683-1-300x200.jpg 300w, https:\/\/pvmarket.eu\/wp-content\/uploads\/2022\/05\/47888280-m-1024x683-1-768x512.jpg 768w, https:\/\/pvmarket.eu\/wp-content\/uploads\/2022\/05\/47888280-m-1024x683-1.jpg 1024w\" \n\t\t\t\t\t\t\t\t\t\t\tsizes=\"(max-width: 768px) 80vw, 100vw\"\n\t\t\t\t\t\t\t\t\t\t\talt=\"Napelem h\u00e1ztet\u0151n\">\n\t\t                                <div class=\"slide__content\">\n\t\t                                    <div>\n\t\t                                        <h2 class=\"size--xs\">SCHLETTER pitched roof mounting systems<\/h2>\n\t\t                                        <p>Many types of product families, that can be used for almost all tile coverings in use, with that you can safely and easily fix the solar panels. Simple and quick to install. The manufacturer offers a full 25-year guarantee for all Schletter fixing technology products.<\/p>\n\t\t                                    <\/div>\n\t\t\t                                                                                <a href=\"https:\/\/pvmarket.eu\/en\/termekek\/schletter-mounting-system-for-pitched-roof\/\" class=\"btn btn-primary\">More information<\/a>\n\t\t\t                                \t\t                                <\/div>\n\t\t                            <\/div>\n\t\t                        <\/div>\n\t\t\t                \t\t\t\t\t\t\t\t\t\t\t\t\t\t\t                        <div class=\"slide\">\n\t\t                            <div class=\"slide__image\">\n\t\t\t\t\t\t\t\t\t\t\t\t\t\t\t\t\t\t\t\t\t\t\t\t\t\t\t\t\t\t<!-- Preload a k\u00f6zepes m\u00e9ret\u0171 k\u00e9pet mobilra -->\n    \t\t\t\t\t\t\t\t\t<link rel=\"preload\" href=\"https:\/\/pvmarket.eu\/wp-content\/uploads\/2022\/06\/alternativ-energia-napelem-300x200.jpg\" as=\"image\" media=\"(max-width: 768px)\">\n    \n\t\t\t\t\t\t\t\t\t\t<img \n\t\t\t\t\t\t\t\t\t\t\tclass=\"slide__image__img\" \n\t\t\t\t\t\t\t\t\t\t\tsrc=\"https:\/\/pvmarket.eu\/wp-content\/uploads\/2022\/06\/alternativ-energia-napelem-300x200.jpg\" \n\t\t\t\t\t\t\t\t\t\t\tsrcset=\"https:\/\/pvmarket.eu\/wp-content\/uploads\/2022\/06\/alternativ-energia-napelem-300x200.jpg 300w, https:\/\/pvmarket.eu\/wp-content\/uploads\/2022\/06\/alternativ-energia-napelem-1024x682.jpg 1024w, https:\/\/pvmarket.eu\/wp-content\/uploads\/2022\/06\/alternativ-energia-napelem-768x512.jpg 768w, https:\/\/pvmarket.eu\/wp-content\/uploads\/2022\/06\/alternativ-energia-napelem-1536x1023.jpg 1536w, https:\/\/pvmarket.eu\/wp-content\/uploads\/2022\/06\/alternativ-energia-napelem.jpg 1920w\" \n\t\t\t\t\t\t\t\t\t\t\tsizes=\"(max-width: 768px) 80vw, 100vw\"\n\t\t\t\t\t\t\t\t\t\t\talt=\"alternativ energia napelem\">\n\t\t                                <div class=\"slide__content\">\n\t\t                                    <div>\n\t\t                                        <h2 class=\"size--xs\">Schletter system for ground installation<\/h2>\n\t\t                                        <p>The system contains separate modules, which can be used to easily add solar panels from all manufacturers.\r\n\r\nA total of 26 modules can be fitted to one rack in two rows below each other, but you have the possibility for designing according to the system and placement options.<\/p>\n\t\t                                    <\/div>\n\t\t\t                                                                                <a href=\"https:\/\/pvmarket.eu\/en\/termekek\/schletter-ground-mounting-system\/\" class=\"btn btn-primary\">More information<\/a>\n\t\t\t                                \t\t                                <\/div>\n\t\t                            <\/div>\n\t\t                        <\/div>\n\t\t\t                \t\t\t\t\t\t\t\t\t\t\t\t\t\t\t                        <div class=\"slide\">\n\t\t                            <div class=\"slide__image\">\n\t\t\t\t\t\t\t\t\t\t\t\t\t\t\t\t\t\t\t\t\t\t\t\t\t\t\t\t\t\t<!-- Preload a k\u00f6zepes m\u00e9ret\u0171 k\u00e9pet mobilra -->\n    \t\t\t\t\t\t\t\t\t<link rel=\"preload\" href=\"https:\/\/pvmarket.eu\/wp-content\/uploads\/2022\/06\/FIXGRID_18_J_20-300x199.jpeg\" as=\"image\" media=\"(max-width: 768px)\">\n    \n\t\t\t\t\t\t\t\t\t\t<img \n\t\t\t\t\t\t\t\t\t\t\tclass=\"slide__image__img\" \n\t\t\t\t\t\t\t\t\t\t\tsrc=\"https:\/\/pvmarket.eu\/wp-content\/uploads\/2022\/06\/FIXGRID_18_J_20-300x199.jpeg\" \n\t\t\t\t\t\t\t\t\t\t\tsrcset=\"https:\/\/pvmarket.eu\/wp-content\/uploads\/2022\/06\/FIXGRID_18_J_20-300x199.jpeg 300w, https:\/\/pvmarket.eu\/wp-content\/uploads\/2022\/06\/FIXGRID_18_J_20.jpeg 692w\" \n\t\t\t\t\t\t\t\t\t\t\tsizes=\"(max-width: 768px) 80vw, 100vw\"\n\t\t\t\t\t\t\t\t\t\t\talt=\"tart\u00f3szerkezet\">\n\t\t                                <div class=\"slide__content\">\n\t\t                                    <div>\n\t\t                                        <h2 class=\"size--xs\">Schletter system for flat roofs<\/h2>\n\t\t                                        <p>The Schletter FixGrid 18 and FixGrid 18+ (for larger panels) flat roof mounting system, that can be used for almost all flat roofs. It can be installed quickly and easily without dismantling the roof structure with a ballast arm optimized for wind flow. Up to 13\u00b0 retractable structure.<\/p>\n\t\t                                    <\/div>\n\t\t\t                                                                                <a href=\"https:\/\/pvmarket.eu\/en\/termekek\/schletter-mounting-system-for-flat-roof\/\" class=\"btn btn-primary\">More information<\/a>\n\t\t\t                                \t\t                                <\/div>\n\t\t                            <\/div>\n\t\t                        <\/div>\n\t\t\t                \t\t\t\t\t\t\t\t\t\t\t\t\t\t\t                        <div class=\"slide\">\n\t\t                            <div class=\"slide__image\">\n\t\t\t\t\t\t\t\t\t\t\t\t\t\t\t\t\t\t\t\t\t\t\t\t\t\t\t\t\t\t<!-- Preload a k\u00f6zepes m\u00e9ret\u0171 k\u00e9pet mobilra -->\n    \t\t\t\t\t\t\t\t\t<link rel=\"preload\" href=\"https:\/\/pvmarket.eu\/wp-content\/uploads\/2022\/06\/sarisap-napelem-referencia-300x199.jpg\" as=\"image\" media=\"(max-width: 768px)\">\n    \n\t\t\t\t\t\t\t\t\t\t<img \n\t\t\t\t\t\t\t\t\t\t\tclass=\"slide__image__img\" \n\t\t\t\t\t\t\t\t\t\t\tsrc=\"https:\/\/pvmarket.eu\/wp-content\/uploads\/2022\/06\/sarisap-napelem-referencia-300x199.jpg\" \n\t\t\t\t\t\t\t\t\t\t\tsrcset=\"https:\/\/pvmarket.eu\/wp-content\/uploads\/2022\/06\/sarisap-napelem-referencia-300x199.jpg 300w, https:\/\/pvmarket.eu\/wp-content\/uploads\/2022\/06\/sarisap-napelem-referencia-768x510.jpg 768w, https:\/\/pvmarket.eu\/wp-content\/uploads\/2022\/06\/sarisap-napelem-referencia.jpg 1024w\" \n\t\t\t\t\t\t\t\t\t\t\tsizes=\"(max-width: 768px) 80vw, 100vw\"\n\t\t\t\t\t\t\t\t\t\t\talt=\"napelem referencia lapostet\u0151\">\n\t\t                                <div class=\"slide__content\">\n\t\t                                    <div>\n\t\t                                        <h2 class=\"size--xs\">Schletter lifting system for flat roofs<\/h2>\n\t\t                                        <p>Fast, simple and at the same time safe installation is guaranteed. The triangle required for installation is completely pre-assembled: they are already assembled at the factory. They just need to be screwed together on site.<\/p>\n\t\t                                    <\/div>\n\t\t\t                                                                                <a href=\"https:\/\/pvmarket.eu\/en\/termekek\/schletter-incremental-system-for-flat-roof\/\" class=\"btn btn-primary\">More information<\/a>\n\t\t\t                                \t\t                                <\/div>\n\t\t                            <\/div>\n\t\t                        <\/div>\n\t\t\t                \t\t\t\t\t\t\t\t\t        <\/div>\n\t\t\t    <\/div>\n\t\t\t<\/div>\n\t\t\t\t\t<\/div>\n\t<\/div>\n<\/section>\n\n\n\n<section class=\"text-block-container text-block-container--ul mt-xs\">\n    <div class=\"container-xl\">\n        <div class=\"row\">\n\n                        \n                        <div class=\"col-12\">\n                <h2 class=\"size--h1 text-left\">Do you have questions?<\/h2>\n            <\/div>\n                        \n            <div class=\"col-lg-6 order-1\">\n                                    <p>If you are interested in our current price list, don&#8217;t hesitate to contact us! Our expert colleagues will help you, whether it is a technical question or product availability.<\/p>\n<p>Contact us at <strong>+36\u00a070\u00a0598\u00a05607<\/strong>\u00a0or email<strong> <a href=\"mailto:export@wagnersolar.hu\" target=\"_blank\" rel=\"noopener\">export@wagnersolar.hu<\/a><\/strong><\/p>\n                                            <\/div>\n                        \t<div class=\"col-lg-5 d-flex ml-auto align-items-start order-2\">\n            \t\t<img decoding=\"async\" class=\"img-fluid border-radius ml-auto\" src=\"https:\/\/pvmarket.eu\/wp-content\/uploads\/2022\/05\/cooperation-analyst-chart-professional-paper-economics-scaled-1-768x512.jpg\" alt=\"Elemz\u0151\">\n            \t<\/div>\n                    <\/div>\n    <\/div>\n<\/section>","protected":false},"excerpt":{"rendered":"","protected":false},"author":2,"featured_media":0,"parent":0,"menu_order":0,"comment_status":"closed","ping_status":"closed","template":"","meta":{"_acf_changed":false,"inline_featured_image":false,"footnotes":""},"class_list":["post-4363","page","type-page","status-publish","hentry"],"acf":[],"yoast_head":"<!-- This site is optimized with the Yoast SEO plugin v27.2 - https:\/\/yoast.com\/product\/yoast-seo-wordpress\/ -->\n<title>Schletter Mounting systems - PVmarket<\/title>\n<meta name=\"description\" content=\"The mounting system is the basis of the solar panel system. If you are interested in our current price list, don\u2019t hesitate to contact us!\" \/>\n<meta name=\"robots\" content=\"index, follow, max-snippet:-1, max-image-preview:large, max-video-preview:-1\" \/>\n<link rel=\"canonical\" href=\"https:\/\/pvmarket.eu\/en\/schletter-mounting-systems\/\" \/>\n<meta property=\"og:locale\" content=\"en_US\" \/>\n<meta property=\"og:type\" content=\"article\" \/>\n<meta property=\"og:title\" content=\"Schletter Mounting systems\" \/>\n<meta property=\"og:description\" content=\"The mounting system is the basis of the solar panel system. If you are interested in our current price list, don\u2019t hesitate to contact us!\" \/>\n<meta property=\"og:url\" content=\"https:\/\/pvmarket.eu\/en\/schletter-mounting-systems\/\" \/>\n<meta property=\"og:site_name\" content=\"PVmarket\" \/>\n<meta property=\"article:modified_time\" content=\"2024-04-18T21:50:30+00:00\" \/>\n<meta property=\"og:image\" content=\"https:\/\/pvmarket.eu\/wp-content\/uploads\/2022\/06\/sarisap-napelem-referencia.jpg\" \/>\n\t<meta property=\"og:image:width\" content=\"1024\" \/>\n\t<meta property=\"og:image:height\" content=\"680\" \/>\n\t<meta property=\"og:image:type\" content=\"image\/jpeg\" \/>\n<meta name=\"twitter:card\" content=\"summary_large_image\" \/>\n<meta name=\"twitter:title\" content=\"Schletter Mounting systems\" \/>\n<meta name=\"twitter:description\" content=\"The mounting system is the basis of the solar panel system. If you are interested in our current price list, don\u2019t hesitate to contact us!\" \/>\n<meta name=\"twitter:image\" content=\"https:\/\/pvmarket.eu\/wp-content\/uploads\/2022\/06\/sarisap-napelem-referencia.jpg\" \/>\n<script type=\"application\/ld+json\" class=\"yoast-schema-graph\">{\"@context\":\"https:\/\/schema.org\",\"@graph\":[{\"@type\":\"WebPage\",\"@id\":\"https:\/\/pvmarket.eu\/en\/schletter-mounting-systems\/\",\"url\":\"https:\/\/pvmarket.eu\/en\/schletter-mounting-systems\/\",\"name\":\"Schletter Mounting systems - PVmarket\",\"isPartOf\":{\"@id\":\"https:\/\/pvmarket.eu\/#website\"},\"datePublished\":\"2022-05-17T08:37:54+00:00\",\"dateModified\":\"2024-04-18T21:50:30+00:00\",\"description\":\"The mounting system is the basis of the solar panel system. If you are interested in our current price list, don\u2019t hesitate to contact us!\",\"breadcrumb\":{\"@id\":\"https:\/\/pvmarket.eu\/en\/schletter-mounting-systems\/#breadcrumb\"},\"inLanguage\":\"en-US\",\"potentialAction\":[{\"@type\":\"ReadAction\",\"target\":[\"https:\/\/pvmarket.eu\/en\/schletter-mounting-systems\/\"]}]},{\"@type\":\"BreadcrumbList\",\"@id\":\"https:\/\/pvmarket.eu\/en\/schletter-mounting-systems\/#breadcrumb\",\"itemListElement\":[{\"@type\":\"ListItem\",\"position\":1,\"name\":\"Kezd\u0151lap\",\"item\":\"https:\/\/pvmarket.eu\/en\/\"},{\"@type\":\"ListItem\",\"position\":2,\"name\":\"Schletter Mounting systems\"}]},{\"@type\":\"WebSite\",\"@id\":\"https:\/\/pvmarket.eu\/#website\",\"url\":\"https:\/\/pvmarket.eu\/\",\"name\":\"PVmarket\",\"description\":\"Napelem nagykereskedelem viszontelad\u00f3knak\",\"potentialAction\":[{\"@type\":\"SearchAction\",\"target\":{\"@type\":\"EntryPoint\",\"urlTemplate\":\"https:\/\/pvmarket.eu\/?s={search_term_string}\"},\"query-input\":{\"@type\":\"PropertyValueSpecification\",\"valueRequired\":true,\"valueName\":\"search_term_string\"}}],\"inLanguage\":\"en-US\"}]}<\/script>\n<!-- \/ Yoast SEO plugin. -->","yoast_head_json":{"title":"Schletter Mounting systems - PVmarket","description":"The mounting system is the basis of the solar panel system. If you are interested in our current price list, don\u2019t hesitate to contact us!","robots":{"index":"index","follow":"follow","max-snippet":"max-snippet:-1","max-image-preview":"max-image-preview:large","max-video-preview":"max-video-preview:-1"},"canonical":"https:\/\/pvmarket.eu\/en\/schletter-mounting-systems\/","og_locale":"en_US","og_type":"article","og_title":"Schletter Mounting systems","og_description":"The mounting system is the basis of the solar panel system. If you are interested in our current price list, don\u2019t hesitate to contact us!","og_url":"https:\/\/pvmarket.eu\/en\/schletter-mounting-systems\/","og_site_name":"PVmarket","article_modified_time":"2024-04-18T21:50:30+00:00","og_image":[{"width":1024,"height":680,"url":"https:\/\/pvmarket.eu\/wp-content\/uploads\/2022\/06\/sarisap-napelem-referencia.jpg","type":"image\/jpeg"}],"twitter_card":"summary_large_image","twitter_title":"Schletter Mounting systems","twitter_description":"The mounting system is the basis of the solar panel system. If you are interested in our current price list, don\u2019t hesitate to contact us!","twitter_image":"https:\/\/pvmarket.eu\/wp-content\/uploads\/2022\/06\/sarisap-napelem-referencia.jpg","schema":{"@context":"https:\/\/schema.org","@graph":[{"@type":"WebPage","@id":"https:\/\/pvmarket.eu\/en\/schletter-mounting-systems\/","url":"https:\/\/pvmarket.eu\/en\/schletter-mounting-systems\/","name":"Schletter Mounting systems - PVmarket","isPartOf":{"@id":"https:\/\/pvmarket.eu\/#website"},"datePublished":"2022-05-17T08:37:54+00:00","dateModified":"2024-04-18T21:50:30+00:00","description":"The mounting system is the basis of the solar panel system. If you are interested in our current price list, don\u2019t hesitate to contact us!","breadcrumb":{"@id":"https:\/\/pvmarket.eu\/en\/schletter-mounting-systems\/#breadcrumb"},"inLanguage":"en-US","potentialAction":[{"@type":"ReadAction","target":["https:\/\/pvmarket.eu\/en\/schletter-mounting-systems\/"]}]},{"@type":"BreadcrumbList","@id":"https:\/\/pvmarket.eu\/en\/schletter-mounting-systems\/#breadcrumb","itemListElement":[{"@type":"ListItem","position":1,"name":"Kezd\u0151lap","item":"https:\/\/pvmarket.eu\/en\/"},{"@type":"ListItem","position":2,"name":"Schletter Mounting systems"}]},{"@type":"WebSite","@id":"https:\/\/pvmarket.eu\/#website","url":"https:\/\/pvmarket.eu\/","name":"PVmarket","description":"Napelem nagykereskedelem viszontelad\u00f3knak","potentialAction":[{"@type":"SearchAction","target":{"@type":"EntryPoint","urlTemplate":"https:\/\/pvmarket.eu\/?s={search_term_string}"},"query-input":{"@type":"PropertyValueSpecification","valueRequired":true,"valueName":"search_term_string"}}],"inLanguage":"en-US"}]}},"_links":{"self":[{"href":"https:\/\/pvmarket.eu\/en\/wp-json\/wp\/v2\/pages\/4363","targetHints":{"allow":["GET"]}}],"collection":[{"href":"https:\/\/pvmarket.eu\/en\/wp-json\/wp\/v2\/pages"}],"about":[{"href":"https:\/\/pvmarket.eu\/en\/wp-json\/wp\/v2\/types\/page"}],"author":[{"embeddable":true,"href":"https:\/\/pvmarket.eu\/en\/wp-json\/wp\/v2\/users\/2"}],"replies":[{"embeddable":true,"href":"https:\/\/pvmarket.eu\/en\/wp-json\/wp\/v2\/comments?post=4363"}],"version-history":[{"count":6,"href":"https:\/\/pvmarket.eu\/en\/wp-json\/wp\/v2\/pages\/4363\/revisions"}],"predecessor-version":[{"id":5197,"href":"https:\/\/pvmarket.eu\/en\/wp-json\/wp\/v2\/pages\/4363\/revisions\/5197"}],"wp:attachment":[{"href":"https:\/\/pvmarket.eu\/en\/wp-json\/wp\/v2\/media?parent=4363"}],"curies":[{"name":"wp","href":"https:\/\/api.w.org\/{rel}","templated":true}]}}